{"id":117,"date":"2021-09-11T22:20:22","date_gmt":"2021-09-11T22:20:22","guid":{"rendered":"https:\/\/demo.gloriathemes.com\/loquet\/demo\/?page_id=117"},"modified":"2025-05-13T11:06:13","modified_gmt":"2025-05-13T11:06:13","slug":"membership","status":"publish","type":"page","link":"https:\/\/2025.nova.theater\/?page_id=117","title":{"rendered":"Support Us"},"content":{"rendered":"\t\t<div data-elementor-type=\"wp-page\" data-elementor-id=\"117\" class=\"elementor elementor-117\">\n\t\t\t\t\t\t<section class=\"elementor-section elementor-top-section elementor-element elementor-element-92d9579 elementor-section-boxed elementor-section-height-default elementor-section-height-default\" data-id=\"92d9579\" data-element_type=\"section\">\n\t\t\t\t\t\t<div class=\"elementor-container elementor-column-gap-no\">\n\t\t\t\t\t<div class=\"elementor-column elementor-col-33 elementor-top-column elementor-element elementor-element-fea6f80\" data-id=\"fea6f80\" data-element_type=\"column\">\n\t\t\t<div class=\"elementor-widget-wrap elementor-element-populated\">\n\t\t\t\t\t\t<section class=\"elementor-section elementor-inner-section elementor-element elementor-element-94f1fbf elementor-section-full_width elementor-section-height-default elementor-section-height-default\" data-id=\"94f1fbf\" data-element_type=\"section\">\n\t\t\t\t\t\t<div class=\"elementor-container elementor-column-gap-no\">\n\t\t\t\t\t<div class=\"elementor-column elementor-col-100 elementor-inner-column elementor-element elementor-element-a314a3d\" data-id=\"a314a3d\" data-element_type=\"column\">\n\t\t\t<div class=\"elementor-widget-wrap elementor-element-populated\">\n\t\t\t\t\t\t<div class=\"elementor-element elementor-element-43f5cb4 elementor-widget elementor-widget-heading\" data-id=\"43f5cb4\" data-element_type=\"widget\" data-widget_type=\"heading.default\">\n\t\t\t\t<div class=\"elementor-widget-container\">\n\t\t\t\t\t<h4 class=\"elementor-heading-title elementor-size-default\">Member<\/h4>\t\t\t\t<\/div>\n\t\t\t\t<\/div>\n\t\t\t\t<div class=\"elementor-element elementor-element-a482b4e elementor-widget elementor-widget-heading\" data-id=\"a482b4e\" data-element_type=\"widget\" data-widget_type=\"heading.default\">\n\t\t\t\t<div class=\"elementor-widget-container\">\n\t\t\t\t\t<h2 class=\"elementor-heading-title elementor-size-default\">Fr. 100.-<\/h2>\t\t\t\t<\/div>\n\t\t\t\t<\/div>\n\t\t\t\t<div class=\"elementor-element elementor-element-0eec92c elementor-widget elementor-widget-heading\" data-id=\"0eec92c\" data-element_type=\"widget\" data-widget_type=\"heading.default\">\n\t\t\t\t<div class=\"elementor-widget-container\">\n\t\t\t\t\t<h6 class=\"elementor-heading-title elementor-size-default\">pro Jahr<\/h6>\t\t\t\t<\/div>\n\t\t\t\t<\/div>\n\t\t\t\t<div class=\"elementor-element elementor-element-ec3678d elementor-widget elementor-widget-text-editor\" data-id=\"ec3678d\" data-element_type=\"widget\" data-widget_type=\"text-editor.default\">\n\t\t\t\t<div class=\"elementor-widget-container\">\n\t\t\t\t\t\t\t\t\t<p>Werde Mitglied und unterst\u00fctze unser Kulturengagement. Mit deiner Einzelmitgliedschaft hilfst du uns weiterhin Kollekte-Konzerte durchzuf\u00fchren und Events ohne Eintritt zu erm\u00f6glichen. Die Mitgliedschaft kann in deinem Namen erfolgen darf aber auch an Dritte verschenkt werden.<\/p>\t\t\t\t\t\t\t\t<\/div>\n\t\t\t\t<\/div>\n\t\t\t\t<div class=\"elementor-element elementor-element-67cd1d7 elementor-widget elementor-widget-loquet-button-widget\" data-id=\"67cd1d7\" data-element_type=\"widget\" data-widget_type=\"loquet-button-widget.default\">\n\t\t\t\t<div class=\"elementor-widget-container\">\n\t\t\t\t\t<div class=\"gt-button gt-style-1 gt-light gt-align-center gt-flex\"><a href=\"mailto:hello@nova.theater\"><span>Member werden<\/span><\/a><\/div>\t\t\t\t<\/div>\n\t\t\t\t<\/div>\n\t\t\t\t\t<\/div>\n\t\t<\/div>\n\t\t\t\t\t<\/div>\n\t\t<\/section>\n\t\t\t\t\t<\/div>\n\t\t<\/div>\n\t\t\t\t<div class=\"elementor-column elementor-col-33 elementor-top-column elementor-element elementor-element-4713887\" data-id=\"4713887\" data-element_type=\"column\">\n\t\t\t<div class=\"elementor-widget-wrap elementor-element-populated\">\n\t\t\t\t\t\t<section class=\"elementor-section elementor-inner-section elementor-element elementor-element-bb543a4 elementor-section-full_width elementor-section-height-default elementor-section-height-default\" data-id=\"bb543a4\" data-element_type=\"section\">\n\t\t\t\t\t\t<div class=\"elementor-container elementor-column-gap-no\">\n\t\t\t\t\t<div class=\"elementor-column elementor-col-100 elementor-inner-column elementor-element elementor-element-9158e88\" data-id=\"9158e88\" data-element_type=\"column\">\n\t\t\t<div class=\"elementor-widget-wrap elementor-element-populated\">\n\t\t\t\t\t\t<div class=\"elementor-element elementor-element-065ed85 elementor-widget elementor-widget-heading\" data-id=\"065ed85\" data-element_type=\"widget\" data-widget_type=\"heading.default\">\n\t\t\t\t<div class=\"elementor-widget-container\">\n\t\t\t\t\t<h4 class=\"elementor-heading-title elementor-size-default\">Duo-Member<\/h4>\t\t\t\t<\/div>\n\t\t\t\t<\/div>\n\t\t\t\t<div class=\"elementor-element elementor-element-3a27455 elementor-widget elementor-widget-heading\" data-id=\"3a27455\" data-element_type=\"widget\" data-widget_type=\"heading.default\">\n\t\t\t\t<div class=\"elementor-widget-container\">\n\t\t\t\t\t<h2 class=\"elementor-heading-title elementor-size-default\">Fr. 180.-<\/h2>\t\t\t\t<\/div>\n\t\t\t\t<\/div>\n\t\t\t\t<div class=\"elementor-element elementor-element-3a95460 elementor-widget elementor-widget-heading\" data-id=\"3a95460\" data-element_type=\"widget\" data-widget_type=\"heading.default\">\n\t\t\t\t<div class=\"elementor-widget-container\">\n\t\t\t\t\t<h6 class=\"elementor-heading-title elementor-size-default\">pro Jahr<\/h6>\t\t\t\t<\/div>\n\t\t\t\t<\/div>\n\t\t\t\t<div class=\"elementor-element elementor-element-79ebd0f elementor-widget elementor-widget-text-editor\" data-id=\"79ebd0f\" data-element_type=\"widget\" data-widget_type=\"text-editor.default\">\n\t\t\t\t<div class=\"elementor-widget-container\">\n\t\t\t\t\t\t\t\t\t<p>Werdet Duo-Member und unterst\u00fctzt unser Kulturengagement. Mit eurer Mitgliedschaft f\u00fcr dich und deine\/n Partner\/in helft ihr uns weiterhin Kollekte-Konzerte durchzuf\u00fchren und Events ohne Eintritt zu erm\u00f6glichen.\u00a0<span style=\"background-color: var(--gt-background-color);\">Die Mitgliedschaft kann in eurem Namen erfolgen darf aber auch an Dritte verschenkt werden.<\/span><\/p>\t\t\t\t\t\t\t\t<\/div>\n\t\t\t\t<\/div>\n\t\t\t\t<div class=\"elementor-element elementor-element-4de34c1 elementor-widget elementor-widget-loquet-button-widget\" data-id=\"4de34c1\" data-element_type=\"widget\" data-widget_type=\"loquet-button-widget.default\">\n\t\t\t\t<div class=\"elementor-widget-container\">\n\t\t\t\t\t<div class=\"gt-button gt-style-1 gt-light gt-align-center gt-flex\"><a href=\"mailto:hello@nova.theater\"><span>Duo Member werden<\/span><\/a><\/div>\t\t\t\t<\/div>\n\t\t\t\t<\/div>\n\t\t\t\t\t<\/div>\n\t\t<\/div>\n\t\t\t\t\t<\/div>\n\t\t<\/section>\n\t\t\t\t\t<\/div>\n\t\t<\/div>\n\t\t\t\t<div class=\"elementor-column elementor-col-33 elementor-top-column elementor-element elementor-element-d4189f7\" data-id=\"d4189f7\" data-element_type=\"column\">\n\t\t\t<div class=\"elementor-widget-wrap elementor-element-populated\">\n\t\t\t\t\t\t<section class=\"elementor-section elementor-inner-section elementor-element elementor-element-39923d6 elementor-section-full_width elementor-section-height-default elementor-section-height-default\" data-id=\"39923d6\" data-element_type=\"section\">\n\t\t\t\t\t\t<div class=\"elementor-container elementor-column-gap-no\">\n\t\t\t\t\t<div class=\"elementor-column elementor-col-100 elementor-inner-column elementor-element elementor-element-6ff17f2\" data-id=\"6ff17f2\" data-element_type=\"column\">\n\t\t\t<div class=\"elementor-widget-wrap elementor-element-populated\">\n\t\t\t\t\t\t<div class=\"elementor-element elementor-element-429b542 elementor-widget elementor-widget-heading\" data-id=\"429b542\" data-element_type=\"widget\" data-widget_type=\"heading.default\">\n\t\t\t\t<div class=\"elementor-widget-container\">\n\t\t\t\t\t<h4 class=\"elementor-heading-title elementor-size-default\"><span style=\"font-size: 2.25rem;background-color: var(--gt-background-color)\">G\u00f6nner<\/span><\/h4>\t\t\t\t<\/div>\n\t\t\t\t<\/div>\n\t\t\t\t<div class=\"elementor-element elementor-element-b804452 elementor-widget elementor-widget-heading\" data-id=\"b804452\" data-element_type=\"widget\" data-widget_type=\"heading.default\">\n\t\t\t\t<div class=\"elementor-widget-container\">\n\t\t\t\t\t<h2 class=\"elementor-heading-title elementor-size-default\">individuell<\/h2>\t\t\t\t<\/div>\n\t\t\t\t<\/div>\n\t\t\t\t<div class=\"elementor-element elementor-element-2bee39a elementor-widget elementor-widget-heading\" data-id=\"2bee39a\" data-element_type=\"widget\" data-widget_type=\"heading.default\">\n\t\t\t\t<div class=\"elementor-widget-container\">\n\t\t\t\t\t<h6 class=\"elementor-heading-title elementor-size-default\">pro Jahr<\/h6>\t\t\t\t<\/div>\n\t\t\t\t<\/div>\n\t\t\t\t<div class=\"elementor-element elementor-element-ebd082f elementor-widget elementor-widget-text-editor\" data-id=\"ebd082f\" data-element_type=\"widget\" data-widget_type=\"text-editor.default\">\n\t\t\t\t<div class=\"elementor-widget-container\">\n\t\t\t\t\t\t\t\t\t<p>G\u00f6nner k\u00f6nnen Privat- als auch Firmenpersonen werden. Mit euerem Beitrag f\u00f6rdert ihr die Kultur in Pf\u00e4ffikon ZH. Unsere Leidenschaft allein reicht leider oft nicht aus um das NOVA. am Leben zu erhalten. Dank eurer G\u00f6nnerschaft k\u00f6nnen wir uns weiterentwickeln und auch neue spannende Programme verwirklichen.<\/p>\t\t\t\t\t\t\t\t<\/div>\n\t\t\t\t<\/div>\n\t\t\t\t<div class=\"elementor-element elementor-element-969cf4a elementor-widget elementor-widget-loquet-button-widget\" data-id=\"969cf4a\" data-element_type=\"widget\" data-widget_type=\"loquet-button-widget.default\">\n\t\t\t\t<div class=\"elementor-widget-container\">\n\t\t\t\t\t<div class=\"gt-button gt-style-1 gt-light gt-align-center gt-flex\"><a href=\"mailto:hello@nova.theater\"><span>G\u00f6nner werden<\/span><\/a><\/div>\t\t\t\t<\/div>\n\t\t\t\t<\/div>\n\t\t\t\t\t<\/div>\n\t\t<\/div>\n\t\t\t\t\t<\/div>\n\t\t<\/section>\n\t\t\t\t\t<\/div>\n\t\t<\/div>\n\t\t\t\t\t<\/div>\n\t\t<\/section>\n\t\t\t\t<section class=\"elementor-section elementor-top-section elementor-element elementor-element-1790d16 elementor-section-full_width elementor-section-stretched elementor-section-height-default elementor-section-height-default\" data-id=\"1790d16\" data-element_type=\"section\" data-settings=\"{&quot;stretch_section&quot;:&quot;section-stretched&quot;,&quot;background_background&quot;:&quot;classic&quot;}\">\n\t\t\t\t\t\t<div class=\"elementor-container elementor-column-gap-no\">\n\t\t\t\t\t<div class=\"elementor-column elementor-col-50 elementor-top-column elementor-element elementor-element-b3d0a6e\" data-id=\"b3d0a6e\" data-element_type=\"column\">\n\t\t\t<div class=\"elementor-widget-wrap elementor-element-populated\">\n\t\t\t\t\t\t<div class=\"elementor-element elementor-element-b217462 elementor-widget elementor-widget-loquet-heading-widget\" data-id=\"b217462\" data-element_type=\"widget\" data-widget_type=\"loquet-heading-widget.default\">\n\t\t\t\t<div class=\"elementor-widget-container\">\n\t\t\t\t\t<div class=\"gt-module-title gt-style-2 gt-align-center gt-light\"><div class=\"gt-title\">Aus Leidenschaft<\/div><\/div>\t\t\t\t<\/div>\n\t\t\t\t<\/div>\n\t\t\t\t<div class=\"elementor-element elementor-element-c048c38 elementor-widget elementor-widget-heading\" data-id=\"c048c38\" data-element_type=\"widget\" data-widget_type=\"heading.default\">\n\t\t\t\t<div class=\"elementor-widget-container\">\n\t\t\t\t\t<h3 class=\"elementor-heading-title elementor-size-default\">Kultur ist nur bedingt planbar -  Kultur geschieht.<\/h3>\t\t\t\t<\/div>\n\t\t\t\t<\/div>\n\t\t\t\t<div class=\"elementor-element elementor-element-0a6f08f elementor-widget elementor-widget-image\" data-id=\"0a6f08f\" data-element_type=\"widget\" data-widget_type=\"image.default\">\n\t\t\t\t<div class=\"elementor-widget-container\">\n\t\t\t\t\t\t\t\t\t\t\t\t\t\t\t<img fetchpriority=\"high\" decoding=\"async\" width=\"950\" height=\"287\" src=\"https:\/\/2025.nova.theater\/wp-content\/uploads\/2023\/07\/Love.png\" class=\"attachment-full size-full wp-image-6728\" alt=\"NOVA.Theater, LOVE.from.NOVA.\" srcset=\"https:\/\/2025.nova.theater\/wp-content\/uploads\/2023\/07\/Love.png 950w, https:\/\/2025.nova.theater\/wp-content\/uploads\/2023\/07\/Love-300x91.png 300w, https:\/\/2025.nova.theater\/wp-content\/uploads\/2023\/07\/Love-768x232.png 768w, https:\/\/2025.nova.theater\/wp-content\/uploads\/2023\/07\/Love-415x125.png 415w, https:\/\/2025.nova.theater\/wp-content\/uploads\/2023\/07\/Love-650x196.png 650w, https:\/\/2025.nova.theater\/wp-content\/uploads\/2023\/07\/Love-250x76.png 250w, https:\/\/2025.nova.theater\/wp-content\/uploads\/2023\/07\/Love-600x181.png 600w\" sizes=\"(max-width: 950px) 100vw, 950px\" \/>\t\t\t\t\t\t\t\t\t\t\t\t\t\t\t<\/div>\n\t\t\t\t<\/div>\n\t\t\t\t\t<\/div>\n\t\t<\/div>\n\t\t\t\t<div class=\"elementor-column elementor-col-50 elementor-top-column elementor-element elementor-element-d385403\" data-id=\"d385403\" data-element_type=\"column\" data-settings=\"{&quot;background_background&quot;:&quot;classic&quot;}\">\n\t\t\t<div class=\"elementor-widget-wrap elementor-element-populated\">\n\t\t\t\t\t\t<div class=\"elementor-element elementor-element-89fcd6a elementor-widget elementor-widget-spacer\" data-id=\"89fcd6a\" data-element_type=\"widget\" data-widget_type=\"spacer.default\">\n\t\t\t\t<div class=\"elementor-widget-container\">\n\t\t\t\t\t\t\t<div class=\"elementor-spacer\">\n\t\t\t<div class=\"elementor-spacer-inner\"><\/div>\n\t\t<\/div>\n\t\t\t\t\t\t<\/div>\n\t\t\t\t<\/div>\n\t\t\t\t\t<\/div>\n\t\t<\/div>\n\t\t\t\t\t<\/div>\n\t\t<\/section>\n\t\t\t\t<\/div>\n\t\t","protected":false},"excerpt":{"rendered":"<p>Member Fr. 100.- pro Jahr Werde Mitglied und unterst\u00fctze unser Kulturengagement. Mit deiner Einzelmitgliedschaft hilfst du uns weiterhin Kollekte-Konzerte durchzuf\u00fchren und Events ohne Eintritt zu&#8230;<\/p>\n","protected":false},"author":1,"featured_media":0,"parent":0,"menu_order":0,"comment_status":"closed","ping_status":"closed","template":"","meta":{"footnotes":""},"class_list":["post-117","page","type-page","status-publish","hentry"],"_links":{"self":[{"href":"https:\/\/2025.nova.theater\/index.php?rest_route=\/wp\/v2\/pages\/117","targetHints":{"allow":["GET"]}}],"collection":[{"href":"https:\/\/2025.nova.theater\/index.php?rest_route=\/wp\/v2\/pages"}],"about":[{"href":"https:\/\/2025.nova.theater\/index.php?rest_route=\/wp\/v2\/types\/page"}],"author":[{"embeddable":true,"href":"https:\/\/2025.nova.theater\/index.php?rest_route=\/wp\/v2\/users\/1"}],"replies":[{"embeddable":true,"href":"https:\/\/2025.nova.theater\/index.php?rest_route=%2Fwp%2Fv2%2Fcomments&post=117"}],"version-history":[{"count":32,"href":"https:\/\/2025.nova.theater\/index.php?rest_route=\/wp\/v2\/pages\/117\/revisions"}],"predecessor-version":[{"id":8272,"href":"https:\/\/2025.nova.theater\/index.php?rest_route=\/wp\/v2\/pages\/117\/revisions\/8272"}],"wp:attachment":[{"href":"https:\/\/2025.nova.theater\/index.php?rest_route=%2Fwp%2Fv2%2Fmedia&parent=117"}],"curies":[{"name":"wp","href":"https:\/\/api.w.org\/{rel}","templated":true}]}}