{"id":19,"date":"2021-09-11T21:48:19","date_gmt":"2021-09-11T21:48:19","guid":{"rendered":"https:\/\/demo.gloriathemes.com\/loquet\/demo\/?page_id=19"},"modified":"2025-06-03T07:20:58","modified_gmt":"2025-06-03T07:20:58","slug":"bar","status":"publish","type":"page","link":"https:\/\/2025.nova.theater\/?page_id=19","title":{"rendered":"Bar"},"content":{"rendered":"\t\t<div data-elementor-type=\"wp-page\" data-elementor-id=\"19\" class=\"elementor elementor-19\">\n\t\t\t\t\t\t<section class=\"elementor-section elementor-top-section elementor-element elementor-element-580cda0 elementor-section-stretched elementor-section-boxed elementor-section-height-default elementor-section-height-default\" data-id=\"580cda0\" data-element_type=\"section\" data-settings=\"{&quot;stretch_section&quot;:&quot;section-stretched&quot;,&quot;background_background&quot;:&quot;gradient&quot;}\">\n\t\t\t\t\t\t<div class=\"elementor-container elementor-column-gap-no\">\n\t\t\t\t\t<div class=\"elementor-column elementor-col-50 elementor-top-column elementor-element elementor-element-1a42db0\" data-id=\"1a42db0\" data-element_type=\"column\">\n\t\t\t<div class=\"elementor-widget-wrap elementor-element-populated\">\n\t\t\t\t\t\t<div class=\"elementor-element elementor-element-f8cb9f7 elementor-widget elementor-widget-image\" data-id=\"f8cb9f7\" data-element_type=\"widget\" data-widget_type=\"image.default\">\n\t\t\t\t<div class=\"elementor-widget-container\">\n\t\t\t\t\t\t\t\t\t\t\t\t\t\t\t<img fetchpriority=\"high\" decoding=\"async\" width=\"753\" height=\"780\" src=\"https:\/\/2025.nova.theater\/wp-content\/uploads\/2023\/03\/NOVA-Wein-Bar.jpg\" class=\"attachment-full size-full wp-image-6423\" alt=\"NOVA. Wein Bar Pf\u00e4ffikon ZH\" srcset=\"https:\/\/2025.nova.theater\/wp-content\/uploads\/2023\/03\/NOVA-Wein-Bar.jpg 753w, https:\/\/2025.nova.theater\/wp-content\/uploads\/2023\/03\/NOVA-Wein-Bar-290x300.jpg 290w, https:\/\/2025.nova.theater\/wp-content\/uploads\/2023\/03\/NOVA-Wein-Bar-415x430.jpg 415w, https:\/\/2025.nova.theater\/wp-content\/uploads\/2023\/03\/NOVA-Wein-Bar-650x673.jpg 650w, https:\/\/2025.nova.theater\/wp-content\/uploads\/2023\/03\/NOVA-Wein-Bar-250x259.jpg 250w, https:\/\/2025.nova.theater\/wp-content\/uploads\/2023\/03\/NOVA-Wein-Bar-600x622.jpg 600w\" sizes=\"(max-width: 753px) 100vw, 753px\" \/>\t\t\t\t\t\t\t\t\t\t\t\t\t\t\t<\/div>\n\t\t\t\t<\/div>\n\t\t\t\t\t<\/div>\n\t\t<\/div>\n\t\t\t\t<div class=\"elementor-column elementor-col-50 elementor-top-column elementor-element elementor-element-8b7cdad\" data-id=\"8b7cdad\" data-element_type=\"column\">\n\t\t\t<div class=\"elementor-widget-wrap elementor-element-populated\">\n\t\t\t\t\t\t<div class=\"elementor-element elementor-element-4628e06 elementor-widget elementor-widget-text-editor\" data-id=\"4628e06\" data-element_type=\"widget\" data-widget_type=\"text-editor.default\">\n\t\t\t\t<div class=\"elementor-widget-container\">\n\t\t\t\t\t\t\t\t\t<p>NOVA. <em>\u2013 Raum f\u00fcr Kultur, Begegnung und Emotionen \u2013 seit 2017<\/em><\/p><p>Mit viel Liebe zum Detail und wurde das ehemalige Kino Rex in ein neues Kapitel gef\u00fchrt: Das NOVA.Theater \u2013 ein Ort, der Geschichte atmet und gleichzeitig den Puls der Gegenwart sp\u00fcrt. Seit 2017 entsteht mit Herzblut, und Kreativit\u00e4t ein Raum, der Kultur, Gemeinschaft und Gastfreundschaft miteinander verbindet.<\/p><p>Ein Haus mit Seele. Der stilvoll erhaltene Eingangsbereich des historischen Geb\u00e4udes zieht Besucher:innen schon beim Ankommen in seinen Bann. Im Foyer l\u00e4dt die NOVA.Bar mit ausgew\u00e4hlten Getr\u00e4nken und urbanem Charme zum Verweilen ein. Direkt daneben befindet sich unser St\u00fcbli \u2013 ein ruhiger, gem\u00fctlicher R\u00fcckzugsort mit besonderem Flair. Im Zentrum steht der Saal und bildet das Herzst\u00fcck des NOVA. Hier wird gelacht, gefeiert, zugeh\u00f6rt, getanzt. Der Garten, gr\u00fcn und atmosph\u00e4risch, ist unser stiller Kraftort im Freien \u2013 perfekt f\u00fcr laue Sommerabende, Begegnungen unter Sternen oder inspirierende Gespr\u00e4che.<\/p><p>Das NOVA. ist mehr als eine Eventlocation <em>\u2013 <\/em> ein lebendiger Treffpunkt f\u00fcr Pf\u00e4ffikon ZH und das ganze Z\u00fcrcher Oberland \u2013 offen, kreativ und voller M\u00f6glichkeiten.<\/p>\t\t\t\t\t\t\t\t<\/div>\n\t\t\t\t<\/div>\n\t\t\t\t\t<\/div>\n\t\t<\/div>\n\t\t\t\t\t<\/div>\n\t\t<\/section>\n\t\t\t\t<section class=\"elementor-section elementor-top-section elementor-element elementor-element-47834f3 elementor-section-boxed elementor-section-height-default elementor-section-height-default\" data-id=\"47834f3\" data-element_type=\"section\">\n\t\t\t\t\t\t<div class=\"elementor-container elementor-column-gap-no\">\n\t\t\t\t\t<div class=\"elementor-column elementor-col-100 elementor-top-column elementor-element elementor-element-758267f\" data-id=\"758267f\" data-element_type=\"column\">\n\t\t\t<div class=\"elementor-widget-wrap elementor-element-populated\">\n\t\t\t\t\t\t<div class=\"elementor-element elementor-element-82292f4 elementor-widget elementor-widget-image-gallery\" data-id=\"82292f4\" data-element_type=\"widget\" data-widget_type=\"image-gallery.default\">\n\t\t\t\t<div class=\"elementor-widget-container\">\n\t\t\t\t\t\t\t<div class=\"elementor-image-gallery\">\n\t\t\t\n\t\t<style type=\"text\/css\">\n\t\t\t#gallery-1 {\n\t\t\t\tmargin: auto;\n\t\t\t}\n\t\t\t#gallery-1 .gallery-item {\n\t\t\t\tfloat: left;\n\t\t\t\tmargin-top: 10px;\n\t\t\t\ttext-align: center;\n\t\t\t\twidth: 50%;\n\t\t\t}\n\t\t\t#gallery-1 img {\n\t\t\t\tborder: 2px solid #cfcfcf;\n\t\t\t}\n\t\t\t#gallery-1 .gallery-caption {\n\t\t\t\tmargin-left: 0;\n\t\t\t}\n\t\t\t\/* see gallery_shortcode() in wp-includes\/media.php *\/\n\t\t<\/style>\n\t\t<div id='gallery-1' class='gallery galleryid-19 gallery-columns-2 gallery-size-loquet-museum-1'><dl class='gallery-item'>\n\t\t\t<dt class='gallery-icon landscape'>\n\t\t\t\t<a data-elementor-open-lightbox=\"yes\" data-elementor-lightbox-slideshow=\"82292f4\" data-elementor-lightbox-title=\"NOVA.Bar Craft Beer, Weine, Drinks &amp; mehr\" data-e-action-hash=\"#elementor-action%3Aaction%3Dlightbox%26settings%3DeyJpZCI6Njk1NiwidXJsIjoiaHR0cHM6XC9cLzIwMjUubm92YS50aGVhdGVyXC93cC1jb250ZW50XC91cGxvYWRzXC8yMDI0XC8wNVwvTk9WQS1CYXJiZXRyaWViLTAzLmpwZyIsInNsaWRlc2hvdyI6IjgyMjkyZjQifQ%3D%3D\" href='https:\/\/2025.nova.theater\/wp-content\/uploads\/2024\/05\/NOVA-Barbetrieb-03.jpg'><img decoding=\"async\" width=\"590\" height=\"440\" src=\"https:\/\/2025.nova.theater\/wp-content\/uploads\/2024\/05\/NOVA-Barbetrieb-03-590x440.jpg\" class=\"attachment-loquet-museum-1 size-loquet-museum-1\" alt=\"NOVA.Bar Craft Beer, Weine, Drinks &amp; mehr\" \/><\/a>\n\t\t\t<\/dt><\/dl><dl class='gallery-item'>\n\t\t\t<dt class='gallery-icon landscape'>\n\t\t\t\t<a data-elementor-open-lightbox=\"yes\" data-elementor-lightbox-slideshow=\"82292f4\" data-elementor-lightbox-title=\"NOVA.Bar Craft Beer, Weine, Drinks &amp; mehr\" data-e-action-hash=\"#elementor-action%3Aaction%3Dlightbox%26settings%3DeyJpZCI6Njk2MywidXJsIjoiaHR0cHM6XC9cLzIwMjUubm92YS50aGVhdGVyXC93cC1jb250ZW50XC91cGxvYWRzXC8yMDI0XC8wNVwvTk9WQS1CYXJiZXRyaWViLTA1LmpwZyIsInNsaWRlc2hvdyI6IjgyMjkyZjQifQ%3D%3D\" href='https:\/\/2025.nova.theater\/wp-content\/uploads\/2024\/05\/NOVA-Barbetrieb-05.jpg'><img decoding=\"async\" width=\"590\" height=\"440\" src=\"https:\/\/2025.nova.theater\/wp-content\/uploads\/2024\/05\/NOVA-Barbetrieb-05-590x440.jpg\" class=\"attachment-loquet-museum-1 size-loquet-museum-1\" alt=\"NOVA.Bar Craft Beer, Weine, Drinks &amp; mehr\" \/><\/a>\n\t\t\t<\/dt><\/dl><br style=\"clear: both\" \/><dl class='gallery-item'>\n\t\t\t<dt class='gallery-icon portrait'>\n\t\t\t\t<a data-elementor-open-lightbox=\"yes\" data-elementor-lightbox-slideshow=\"82292f4\" data-elementor-lightbox-title=\"NOVA.Bar Craft Beer, Weine, Drinks &amp; mehr\" data-e-action-hash=\"#elementor-action%3Aaction%3Dlightbox%26settings%3DeyJpZCI6Njk1NSwidXJsIjoiaHR0cHM6XC9cLzIwMjUubm92YS50aGVhdGVyXC93cC1jb250ZW50XC91cGxvYWRzXC8yMDI0XC8wNVwvTk9WQS1CYXJiZXRyaWViLTAyLmpwZyIsInNsaWRlc2hvdyI6IjgyMjkyZjQifQ%3D%3D\" href='https:\/\/2025.nova.theater\/wp-content\/uploads\/2024\/05\/NOVA-Barbetrieb-02.jpg'><img loading=\"lazy\" decoding=\"async\" width=\"590\" height=\"440\" src=\"https:\/\/2025.nova.theater\/wp-content\/uploads\/2024\/05\/NOVA-Barbetrieb-02-590x440.jpg\" class=\"attachment-loquet-museum-1 size-loquet-museum-1\" alt=\"NOVA.Bar Craft Beer, Weine, Drinks &amp; mehr\" \/><\/a>\n\t\t\t<\/dt><\/dl><dl class='gallery-item'>\n\t\t\t<dt class='gallery-icon landscape'>\n\t\t\t\t<a data-elementor-open-lightbox=\"yes\" data-elementor-lightbox-slideshow=\"82292f4\" data-elementor-lightbox-title=\"NOVA.Bar Craft Beer, Weine, Drinks &amp; mehr\" data-e-action-hash=\"#elementor-action%3Aaction%3Dlightbox%26settings%3DeyJpZCI6Njk2MiwidXJsIjoiaHR0cHM6XC9cLzIwMjUubm92YS50aGVhdGVyXC93cC1jb250ZW50XC91cGxvYWRzXC8yMDI0XC8wNVwvTk9WQS1CYXJiZXRyaWViLTA2LmpwZyIsInNsaWRlc2hvdyI6IjgyMjkyZjQifQ%3D%3D\" href='https:\/\/2025.nova.theater\/wp-content\/uploads\/2024\/05\/NOVA-Barbetrieb-06.jpg'><img loading=\"lazy\" decoding=\"async\" width=\"590\" height=\"440\" src=\"https:\/\/2025.nova.theater\/wp-content\/uploads\/2024\/05\/NOVA-Barbetrieb-06-590x440.jpg\" class=\"attachment-loquet-museum-1 size-loquet-museum-1\" alt=\"NOVA.Bar Craft Beer, Weine, Drinks &amp; mehr\" \/><\/a>\n\t\t\t<\/dt><\/dl><br style=\"clear: both\" \/><dl class='gallery-item'>\n\t\t\t<dt class='gallery-icon portrait'>\n\t\t\t\t<a data-elementor-open-lightbox=\"yes\" data-elementor-lightbox-slideshow=\"82292f4\" data-elementor-lightbox-title=\"NOVA.Bar Craft Beer, Weine, Drinks &amp; mehr\" data-e-action-hash=\"#elementor-action%3Aaction%3Dlightbox%26settings%3DeyJpZCI6Njk2NCwidXJsIjoiaHR0cHM6XC9cLzIwMjUubm92YS50aGVhdGVyXC93cC1jb250ZW50XC91cGxvYWRzXC8yMDI0XC8wNVwvTk9WQS1CYXJiZXRyaWViLTA0LmpwZyIsInNsaWRlc2hvdyI6IjgyMjkyZjQifQ%3D%3D\" href='https:\/\/2025.nova.theater\/wp-content\/uploads\/2024\/05\/NOVA-Barbetrieb-04.jpg'><img loading=\"lazy\" decoding=\"async\" width=\"590\" height=\"440\" src=\"https:\/\/2025.nova.theater\/wp-content\/uploads\/2024\/05\/NOVA-Barbetrieb-04-590x440.jpg\" class=\"attachment-loquet-museum-1 size-loquet-museum-1\" alt=\"NOVA.Bar Craft Beer, Weine, Drinks &amp; mehr\" \/><\/a>\n\t\t\t<\/dt><\/dl><dl class='gallery-item'>\n\t\t\t<dt class='gallery-icon landscape'>\n\t\t\t\t<a data-elementor-open-lightbox=\"yes\" data-elementor-lightbox-slideshow=\"82292f4\" data-elementor-lightbox-title=\"NOVA.Bar Craft Beer, Weine, Drinks &amp; mehr\" data-e-action-hash=\"#elementor-action%3Aaction%3Dlightbox%26settings%3DeyJpZCI6Njk2NiwidXJsIjoiaHR0cHM6XC9cLzIwMjUubm92YS50aGVhdGVyXC93cC1jb250ZW50XC91cGxvYWRzXC8yMDI0XC8wNVwvTk9WQS1CYXJiZXRyaWViLTA3LmpwZyIsInNsaWRlc2hvdyI6IjgyMjkyZjQifQ%3D%3D\" href='https:\/\/2025.nova.theater\/wp-content\/uploads\/2024\/05\/NOVA-Barbetrieb-07.jpg'><img loading=\"lazy\" decoding=\"async\" width=\"590\" height=\"440\" src=\"https:\/\/2025.nova.theater\/wp-content\/uploads\/2024\/05\/NOVA-Barbetrieb-07-590x440.jpg\" class=\"attachment-loquet-museum-1 size-loquet-museum-1\" alt=\"NOVA.Bar Craft Beer, Weine, Drinks &amp; mehr\" \/><\/a>\n\t\t\t<\/dt><\/dl><br style=\"clear: both\" \/>\n\t\t<\/div>\n\t\t<\/div>\n\t\t\t\t\t\t<\/div>\n\t\t\t\t<\/div>\n\t\t\t\t<div class=\"elementor-element elementor-element-7812ae9 elementor-widget elementor-widget-heading\" data-id=\"7812ae9\" data-element_type=\"widget\" data-widget_type=\"heading.default\">\n\t\t\t\t<div class=\"elementor-widget-container\">\n\t\t\t\t\t<h2 class=\"elementor-heading-title elementor-size-default\">Das NOVA. - ein Ort und Treffpunkt zum verweilen, austauschen, leben und erleben.<\/h2>\t\t\t\t<\/div>\n\t\t\t\t<\/div>\n\t\t\t\t\t<\/div>\n\t\t<\/div>\n\t\t\t\t\t<\/div>\n\t\t<\/section>\n\t\t\t\t<section class=\"elementor-section elementor-top-section elementor-element elementor-element-efd4fcd elementor-section-stretched elementor-section-boxed elementor-section-height-default elementor-section-height-default\" data-id=\"efd4fcd\" data-element_type=\"section\" data-settings=\"{&quot;stretch_section&quot;:&quot;section-stretched&quot;,&quot;background_background&quot;:&quot;gradient&quot;}\">\n\t\t\t\t\t\t<div class=\"elementor-container elementor-column-gap-no\">\n\t\t\t\t\t<div class=\"elementor-column elementor-col-100 elementor-top-column elementor-element elementor-element-f08c4bd\" data-id=\"f08c4bd\" data-element_type=\"column\">\n\t\t\t<div class=\"elementor-widget-wrap elementor-element-populated\">\n\t\t\t\t\t\t<section class=\"elementor-section elementor-inner-section elementor-element elementor-element-9c865db elementor-section-full_width elementor-section-height-default elementor-section-height-default\" data-id=\"9c865db\" data-element_type=\"section\">\n\t\t\t\t\t\t<div class=\"elementor-container elementor-column-gap-no\">\n\t\t\t\t\t<div class=\"elementor-column elementor-col-50 elementor-inner-column elementor-element elementor-element-608d213\" data-id=\"608d213\" data-element_type=\"column\">\n\t\t\t<div class=\"elementor-widget-wrap elementor-element-populated\">\n\t\t\t\t\t\t<div class=\"elementor-element elementor-element-da22a95 elementor-widget elementor-widget-loquet-heading-widget\" data-id=\"da22a95\" data-element_type=\"widget\" data-widget_type=\"loquet-heading-widget.default\">\n\t\t\t\t<div class=\"elementor-widget-container\">\n\t\t\t\t\t<div class=\"gt-module-title gt-style-1 gt-align-left gt-dark\"><div class=\"gt-sub-title\"><span>Bubbles &amp; Weine<\/span><\/div><div class=\"gt-title\">Bubbles, Weine &amp; Augenblicke<\/div><\/div>\t\t\t\t<\/div>\n\t\t\t\t<\/div>\n\t\t\t\t<div class=\"elementor-element elementor-element-80a110d elementor-widget elementor-widget-text-editor\" data-id=\"80a110d\" data-element_type=\"widget\" data-widget_type=\"text-editor.default\">\n\t\t\t\t<div class=\"elementor-widget-container\">\n\t\t\t\t\t\t\t\t\t<p>Ob zum Anstossen, Verweilen oder als Begleitung zu einem besonderen Abend \u2013 Bubbles &amp; Weine im NOVA. Probier dich durch. Trink was du f\u00fchlst. Und geniesse, was bleibt.<\/p>\t\t\t\t\t\t\t\t<\/div>\n\t\t\t\t<\/div>\n\t\t\t\t<div class=\"elementor-element elementor-element-164f9d0 elementor-widget elementor-widget-text-editor\" data-id=\"164f9d0\" data-element_type=\"widget\" data-widget_type=\"text-editor.default\">\n\t\t\t\t<div class=\"elementor-widget-container\">\n\t\t\t\t\t\t\t\t\t<p>Bei uns im NOVA. geht es nicht nur um gute Musik und Kultur \u2013 auch im Glas darf es prickeln, leuchten und begeistern. Unsere Auswahl an ausgesuchten Weinen, authentischen Naturweinen und handverlesenen Bubbles ist genauso vielf\u00e4ltig wie unser Publikum.<\/p>\t\t\t\t\t\t\t\t<\/div>\n\t\t\t\t<\/div>\n\t\t\t\t<div class=\"elementor-element elementor-element-9a0cf64 elementor-widget elementor-widget-spacer\" data-id=\"9a0cf64\" data-element_type=\"widget\" data-widget_type=\"spacer.default\">\n\t\t\t\t<div class=\"elementor-widget-container\">\n\t\t\t\t\t\t\t<div class=\"elementor-spacer\">\n\t\t\t<div class=\"elementor-spacer-inner\"><\/div>\n\t\t<\/div>\n\t\t\t\t\t\t<\/div>\n\t\t\t\t<\/div>\n\t\t\t\t\t<\/div>\n\t\t<\/div>\n\t\t\t\t<div class=\"elementor-column elementor-col-50 elementor-inner-column elementor-element elementor-element-35084b9 elementor-hidden-tablet elementor-hidden-mobile\" data-id=\"35084b9\" data-element_type=\"column\">\n\t\t\t<div class=\"elementor-widget-wrap elementor-element-populated\">\n\t\t\t\t\t\t<div class=\"elementor-element elementor-element-0229ae9 elementor-widget elementor-widget-image\" data-id=\"0229ae9\" data-element_type=\"widget\" data-widget_type=\"image.default\">\n\t\t\t\t<div class=\"elementor-widget-container\">\n\t\t\t\t\t\t\t\t\t\t\t\t\t\t\t<img loading=\"lazy\" decoding=\"async\" width=\"1024\" height=\"683\" src=\"https:\/\/2025.nova.theater\/wp-content\/uploads\/2024\/10\/QYellow_Nova__DSC3011-1-1024x683.jpg\" class=\"attachment-large size-large wp-image-7364\" alt=\"\" srcset=\"https:\/\/2025.nova.theater\/wp-content\/uploads\/2024\/10\/QYellow_Nova__DSC3011-1-1024x683.jpg 1024w, https:\/\/2025.nova.theater\/wp-content\/uploads\/2024\/10\/QYellow_Nova__DSC3011-1-300x200.jpg 300w, https:\/\/2025.nova.theater\/wp-content\/uploads\/2024\/10\/QYellow_Nova__DSC3011-1-768x512.jpg 768w, https:\/\/2025.nova.theater\/wp-content\/uploads\/2024\/10\/QYellow_Nova__DSC3011-1-1536x1024.jpg 1536w, https:\/\/2025.nova.theater\/wp-content\/uploads\/2024\/10\/QYellow_Nova__DSC3011-1-2048x1366.jpg 2048w, https:\/\/2025.nova.theater\/wp-content\/uploads\/2024\/10\/QYellow_Nova__DSC3011-1-415x277.jpg 415w, https:\/\/2025.nova.theater\/wp-content\/uploads\/2024\/10\/QYellow_Nova__DSC3011-1-650x433.jpg 650w, https:\/\/2025.nova.theater\/wp-content\/uploads\/2024\/10\/QYellow_Nova__DSC3011-1-250x167.jpg 250w, https:\/\/2025.nova.theater\/wp-content\/uploads\/2024\/10\/QYellow_Nova__DSC3011-1-600x400.jpg 600w\" sizes=\"(max-width: 1024px) 100vw, 1024px\" \/>\t\t\t\t\t\t\t\t\t\t\t\t\t\t\t<\/div>\n\t\t\t\t<\/div>\n\t\t\t\t\t<\/div>\n\t\t<\/div>\n\t\t\t\t\t<\/div>\n\t\t<\/section>\n\t\t\t\t<section class=\"elementor-section elementor-inner-section elementor-element elementor-element-9c499da elementor-section-full_width elementor-section-height-default elementor-section-height-default\" data-id=\"9c499da\" data-element_type=\"section\">\n\t\t\t\t\t\t<div class=\"elementor-container elementor-column-gap-no\">\n\t\t\t\t\t<div class=\"elementor-column elementor-col-50 elementor-inner-column elementor-element elementor-element-627abec\" data-id=\"627abec\" data-element_type=\"column\">\n\t\t\t<div class=\"elementor-widget-wrap elementor-element-populated\">\n\t\t\t\t\t\t<div class=\"elementor-element elementor-element-b23a20a elementor-widget elementor-widget-image\" data-id=\"b23a20a\" data-element_type=\"widget\" data-widget_type=\"image.default\">\n\t\t\t\t<div class=\"elementor-widget-container\">\n\t\t\t\t\t\t\t\t\t\t\t\t\t\t\t<img loading=\"lazy\" decoding=\"async\" width=\"1024\" height=\"683\" src=\"https:\/\/2025.nova.theater\/wp-content\/uploads\/2025\/05\/NOVA-Safikada-1024x683.jpg\" class=\"attachment-large size-large wp-image-8165\" alt=\"NOVA.Weine\" srcset=\"https:\/\/2025.nova.theater\/wp-content\/uploads\/2025\/05\/NOVA-Safikada-1024x683.jpg 1024w, https:\/\/2025.nova.theater\/wp-content\/uploads\/2025\/05\/NOVA-Safikada-300x200.jpg 300w, https:\/\/2025.nova.theater\/wp-content\/uploads\/2025\/05\/NOVA-Safikada-768x512.jpg 768w, https:\/\/2025.nova.theater\/wp-content\/uploads\/2025\/05\/NOVA-Safikada-415x277.jpg 415w, https:\/\/2025.nova.theater\/wp-content\/uploads\/2025\/05\/NOVA-Safikada-650x433.jpg 650w, https:\/\/2025.nova.theater\/wp-content\/uploads\/2025\/05\/NOVA-Safikada-250x167.jpg 250w, https:\/\/2025.nova.theater\/wp-content\/uploads\/2025\/05\/NOVA-Safikada-600x400.jpg 600w, https:\/\/2025.nova.theater\/wp-content\/uploads\/2025\/05\/NOVA-Safikada.jpg 1500w\" sizes=\"(max-width: 1024px) 100vw, 1024px\" \/>\t\t\t\t\t\t\t\t\t\t\t\t\t\t\t<\/div>\n\t\t\t\t<\/div>\n\t\t\t\t\t<\/div>\n\t\t<\/div>\n\t\t\t\t<div class=\"elementor-column elementor-col-50 elementor-inner-column elementor-element elementor-element-24ba354\" data-id=\"24ba354\" data-element_type=\"column\">\n\t\t\t<div class=\"elementor-widget-wrap elementor-element-populated\">\n\t\t\t\t\t\t<div class=\"elementor-element elementor-element-db182b0 elementor-widget elementor-widget-spacer\" data-id=\"db182b0\" data-element_type=\"widget\" data-widget_type=\"spacer.default\">\n\t\t\t\t<div class=\"elementor-widget-container\">\n\t\t\t\t\t\t\t<div class=\"elementor-spacer\">\n\t\t\t<div class=\"elementor-spacer-inner\"><\/div>\n\t\t<\/div>\n\t\t\t\t\t\t<\/div>\n\t\t\t\t<\/div>\n\t\t\t\t<div class=\"elementor-element elementor-element-64d9ffa elementor-widget elementor-widget-text-editor\" data-id=\"64d9ffa\" data-element_type=\"widget\" data-widget_type=\"text-editor.default\">\n\t\t\t\t<div class=\"elementor-widget-container\">\n\t\t\t\t\t\t\t\t\t<p>Wir setzen auf kleine, unabh\u00e4ngige Winzer:innen, die mit Leidenschaft, Nachhaltigkeit und Individualit\u00e4t arbeiten. Jeder Wein erz\u00e4hlt seine eigene Geschichte \u2013 mal leicht und verspielt, mal tief und komplex. Unsere Naturweine sind ungesch\u00f6nt, lebendig und ehrlich \u2013 genau wie unser Ort und wer\u2019s prickelnd mag, wird unsere Cr\u00e9mants und Schaumweine lieben.<\/p>\t\t\t\t\t\t\t\t<\/div>\n\t\t\t\t<\/div>\n\t\t\t\t\t<\/div>\n\t\t<\/div>\n\t\t\t\t\t<\/div>\n\t\t<\/section>\n\t\t\t\t\t<\/div>\n\t\t<\/div>\n\t\t\t\t\t<\/div>\n\t\t<\/section>\n\t\t\t\t<\/div>\n\t\t","protected":false},"excerpt":{"rendered":"<p>NOVA. \u2013 Raum f\u00fcr Kultur, Begegnung und Emotionen \u2013 seit 2017 Mit viel Liebe zum Detail und wurde das ehemalige Kino Rex in ein neues&#8230;<\/p>\n","protected":false},"author":1,"featured_media":0,"parent":0,"menu_order":0,"comment_status":"closed","ping_status":"closed","template":"","meta":{"footnotes":""},"class_list":["post-19","page","type-page","status-publish","hentry"],"_links":{"self":[{"href":"https:\/\/2025.nova.theater\/index.php?rest_route=\/wp\/v2\/pages\/19","targetHints":{"allow":["GET"]}}],"collection":[{"href":"https:\/\/2025.nova.theater\/index.php?rest_route=\/wp\/v2\/pages"}],"about":[{"href":"https:\/\/2025.nova.theater\/index.php?rest_route=\/wp\/v2\/types\/page"}],"author":[{"embeddable":true,"href":"https:\/\/2025.nova.theater\/index.php?rest_route=\/wp\/v2\/users\/1"}],"replies":[{"embeddable":true,"href":"https:\/\/2025.nova.theater\/index.php?rest_route=%2Fwp%2Fv2%2Fcomments&post=19"}],"version-history":[{"count":72,"href":"https:\/\/2025.nova.theater\/index.php?rest_route=\/wp\/v2\/pages\/19\/revisions"}],"predecessor-version":[{"id":8446,"href":"https:\/\/2025.nova.theater\/index.php?rest_route=\/wp\/v2\/pages\/19\/revisions\/8446"}],"wp:attachment":[{"href":"https:\/\/2025.nova.theater\/index.php?rest_route=%2Fwp%2Fv2%2Fmedia&parent=19"}],"curies":[{"name":"wp","href":"https:\/\/api.w.org\/{rel}","templated":true}]}}