{"id":3,"date":"2022-10-06T07:32:37","date_gmt":"2022-10-06T07:32:37","guid":{"rendered":"https:\/\/2025.nova.theater\/?page_id=3"},"modified":"2025-05-14T06:50:41","modified_gmt":"2025-05-14T06:50:41","slug":"privacy-policy","status":"publish","type":"page","link":"https:\/\/2025.nova.theater\/?page_id=3","title":{"rendered":"Datenschutzerkl\u00e4rung"},"content":{"rendered":"<p><\/p><ol class=\"wp-block-list\"><li>Allgemeine Hinweise<\/li><\/ol><p>Der Schutz Ihrer pers\u00f6nlichen Daten ist uns ein wichtiges Anliegen. Wir behandeln Ihre personenbezogenen Daten vertraulich und entsprechend den gesetzlichen Datenschutzvorschriften sowie dieser Datenschutzerkl\u00e4rung.<\/p><ol start=\"2\" class=\"wp-block-list\"><li>Verantwortliche Stelle<\/li><\/ol><p>Verantwortlich f\u00fcr die Datenverarbeitung auf dieser Website ist:<\/p><p>NOVA.Theater \/ Verein.NOVA.<br>Spitalstrasse 1<br>8330 Pf\u00e4ffikon ZH<br>Schweiz<\/p><p>Telefon: +41 43 535 12 95<br>E-Mail: hello@nova.theater<\/p><ol start=\"3\" class=\"wp-block-list\"><li>Erhebung und Verarbeitung personenbezogener Daten<\/li><\/ol><p>Wir erheben und verarbeiten personenbezogene Daten nur, soweit dies zur Bereitstellung einer funktionsf\u00e4higen Website sowie unserer Inhalte und Leistungen erforderlich ist. Personenbezogene Daten werden nur mit Ihrer Einwilligung oder wenn eine gesetzliche Grundlage besteht, verarbeitet.<\/p><ol start=\"4\" class=\"wp-block-list\"><li>Zweck der Datenverarbeitung<\/li><\/ol><p>Die Verarbeitung personenbezogener Daten erfolgt zu folgenden Zwecken:<br>&nbsp;&nbsp;&nbsp;&nbsp;\u2022&nbsp;&nbsp;&nbsp;&nbsp;Bereitstellung der Website und ihrer Funktionen<br>&nbsp;&nbsp;&nbsp;&nbsp;\u2022&nbsp;&nbsp;&nbsp;&nbsp;Beantwortung von Kontaktanfragen<br>&nbsp;&nbsp;&nbsp;&nbsp;\u2022&nbsp;&nbsp;&nbsp;&nbsp;Durchf\u00fchrung von Veranstaltungen und Ticketreservierungen<br>&nbsp;&nbsp;&nbsp;&nbsp;\u2022&nbsp;&nbsp;&nbsp;&nbsp;Erf\u00fcllung gesetzlicher Verpflichtungen<\/p><ol start=\"5\" class=\"wp-block-list\"><li>Weitergabe an Dritte<\/li><\/ol><p>Eine Weitergabe Ihrer personenbezogenen Daten an Dritte erfolgt nur, wenn:<br>&nbsp;&nbsp;&nbsp;&nbsp;\u2022&nbsp;&nbsp;&nbsp;&nbsp;Sie Ihre ausdr\u00fcckliche Einwilligung dazu erteilt haben,<br>&nbsp;&nbsp;&nbsp;&nbsp;\u2022&nbsp;&nbsp;&nbsp;&nbsp;die Verarbeitung zur Abwicklung eines Vertrags mit Ihnen erforderlich ist,<br>&nbsp;&nbsp;&nbsp;&nbsp;\u2022&nbsp;&nbsp;&nbsp;&nbsp;die Verarbeitung zur Erf\u00fcllung einer rechtlichen Verpflichtung erforderlich ist,<br>&nbsp;&nbsp;&nbsp;&nbsp;\u2022&nbsp;&nbsp;&nbsp;&nbsp;die Verarbeitung zur Wahrung berechtigter Interessen erforderlich ist und kein Grund zur Annahme besteht, dass Sie ein \u00fcberwiegendes schutzw\u00fcrdiges Interesse an der Nichtweitergabe Ihrer Daten haben.<\/p><ol start=\"6\" class=\"wp-block-list\"><li>Cookies<\/li><\/ol><p>Unsere Website verwendet Cookies, um die Benutzerfreundlichkeit zu erh\u00f6hen. Cookies sind kleine Textdateien, die auf Ihrem Endger\u00e4t gespeichert werden. Sie k\u00f6nnen die Verwendung von Cookies in Ihrem Browser deaktivieren. Bitte beachten Sie, dass bei der Deaktivierung von Cookies die Funktionalit\u00e4t unserer Website eingeschr\u00e4nkt sein kann.<\/p><ol start=\"7\" class=\"wp-block-list\"><li>Webanalyse-Tools<\/li><\/ol><p>[Hinweis: Falls Webanalyse-Tools wie Google Analytics oder Matomo verwendet werden, bitte hier die entsprechenden Informationen erg\u00e4nzen.]<\/p><ol start=\"8\" class=\"wp-block-list\"><li>Ihre Rechte<\/li><\/ol><p>Sie haben das Recht:<br>&nbsp;&nbsp;&nbsp;&nbsp;\u2022&nbsp;&nbsp;&nbsp;&nbsp;Auskunft \u00fcber Ihre bei uns gespeicherten Daten zu erhalten,<br>&nbsp;&nbsp;&nbsp;&nbsp;\u2022&nbsp;&nbsp;&nbsp;&nbsp;unrichtige Daten berichtigen zu lassen,<br>&nbsp;&nbsp;&nbsp;&nbsp;\u2022&nbsp;&nbsp;&nbsp;&nbsp;die L\u00f6schung Ihrer Daten zu verlangen, sofern keine gesetzlichen Aufbewahrungspflichten entgegenstehen,<br>&nbsp;&nbsp;&nbsp;&nbsp;\u2022&nbsp;&nbsp;&nbsp;&nbsp;die Verarbeitung Ihrer Daten einzuschr\u00e4nken,<br>&nbsp;&nbsp;&nbsp;&nbsp;\u2022&nbsp;&nbsp;&nbsp;&nbsp;der Verarbeitung Ihrer Daten zu widersprechen,<br>&nbsp;&nbsp;&nbsp;&nbsp;\u2022&nbsp;&nbsp;&nbsp;&nbsp;Ihre Daten in einem strukturierten, g\u00e4ngigen und maschinenlesbaren Format zu erhalten (Daten\u00fcbertragbarkeit).<\/p><p>Bitte kontaktieren Sie uns zur Aus\u00fcbung Ihrer Rechte unter hello@nova.theater.<\/p><ol start=\"9\" class=\"wp-block-list\"><li>Datensicherheit<\/li><\/ol><p>Wir setzen technische und organisatorische Sicherheitsma\u00dfnahmen ein, um Ihre Daten gegen Manipulation, Verlust, Zerst\u00f6rung oder unbefugten Zugriff zu sch\u00fctzen. Unsere Sicherheitsma\u00dfnahmen werden entsprechend der technologischen Entwicklung fortlaufend verbessert.<\/p><ol start=\"10\" class=\"wp-block-list\"><li>\u00c4nderungen der Datenschutzerkl\u00e4rung<\/li><\/ol><p>Wir behalten uns das Recht vor, diese Datenschutzerkl\u00e4rung jederzeit zu \u00e4ndern. Die aktuelle Version ist stets auf unserer Website verf\u00fcgbar.<\/p>","protected":false},"excerpt":{"rendered":"<p>Der Schutz Ihrer pers\u00f6nlichen Daten ist uns ein wichtiges Anliegen. Wir behandeln Ihre personenbezogenen Daten vertraulich und entsprechend den gesetzlichen Datenschutzvorschriften sowie dieser Datenschutzerkl\u00e4rung. Verantwortlich&#8230;<\/p>\n","protected":false},"author":1,"featured_media":0,"parent":0,"menu_order":0,"comment_status":"closed","ping_status":"open","template":"","meta":{"footnotes":""},"class_list":["post-3","page","type-page","status-publish","hentry"],"_links":{"self":[{"href":"https:\/\/2025.nova.theater\/index.php?rest_route=\/wp\/v2\/pages\/3","targetHints":{"allow":["GET"]}}],"collection":[{"href":"https:\/\/2025.nova.theater\/index.php?rest_route=\/wp\/v2\/pages"}],"about":[{"href":"https:\/\/2025.nova.theater\/index.php?rest_route=\/wp\/v2\/types\/page"}],"author":[{"embeddable":true,"href":"https:\/\/2025.nova.theater\/index.php?rest_route=\/wp\/v2\/users\/1"}],"replies":[{"embeddable":true,"href":"https:\/\/2025.nova.theater\/index.php?rest_route=%2Fwp%2Fv2%2Fcomments&post=3"}],"version-history":[{"count":1,"href":"https:\/\/2025.nova.theater\/index.php?rest_route=\/wp\/v2\/pages\/3\/revisions"}],"predecessor-version":[{"id":8392,"href":"https:\/\/2025.nova.theater\/index.php?rest_route=\/wp\/v2\/pages\/3\/revisions\/8392"}],"wp:attachment":[{"href":"https:\/\/2025.nova.theater\/index.php?rest_route=%2Fwp%2Fv2%2Fmedia&parent=3"}],"curies":[{"name":"wp","href":"https:\/\/api.w.org\/{rel}","templated":true}]}}