{"id":4707,"date":"2021-09-11T22:20:22","date_gmt":"2021-09-11T22:20:22","guid":{"rendered":"https:\/\/demo.gloriathemes.com\/loquet\/demo\/membership-2\/"},"modified":"2023-06-19T20:58:26","modified_gmt":"2023-06-19T18:58:26","slug":"careers","status":"publish","type":"page","link":"https:\/\/2025.nova.theater\/?page_id=4707","title":{"rendered":"Jobs"},"content":{"rendered":"\t\t<div data-elementor-type=\"wp-page\" data-elementor-id=\"4707\" class=\"elementor elementor-4707\">\n\t\t\t\t\t\t<section class=\"elementor-section elementor-top-section elementor-element elementor-element-8cc303b elementor-section-boxed elementor-section-height-default elementor-section-height-default\" data-id=\"8cc303b\" data-element_type=\"section\">\n\t\t\t\t\t\t<div class=\"elementor-container elementor-column-gap-no\">\n\t\t\t\t\t<div class=\"elementor-column elementor-col-100 elementor-top-column elementor-element elementor-element-617ed39\" data-id=\"617ed39\" data-element_type=\"column\">\n\t\t\t<div class=\"elementor-widget-wrap elementor-element-populated\">\n\t\t\t\t\t\t<div class=\"elementor-element elementor-element-473b075 elementor-widget elementor-widget-accordion\" data-id=\"473b075\" data-element_type=\"widget\" data-widget_type=\"accordion.default\">\n\t\t\t\t<div class=\"elementor-widget-container\">\n\t\t\t\t\t\t\t<div class=\"elementor-accordion\">\n\t\t\t\t\t\t\t<div class=\"elementor-accordion-item\">\n\t\t\t\t\t<div id=\"elementor-tab-title-7461\" class=\"elementor-tab-title\" data-tab=\"1\" role=\"button\" aria-controls=\"elementor-tab-content-7461\" aria-expanded=\"false\">\n\t\t\t\t\t\t\t\t\t\t\t\t\t<span class=\"elementor-accordion-icon elementor-accordion-icon-right\" aria-hidden=\"true\">\n\t\t\t\t\t\t\t\t\t\t\t\t\t\t\t<span class=\"elementor-accordion-icon-closed\"><i class=\"fas fa-chevron-down\"><\/i><\/span>\n\t\t\t\t\t\t\t\t<span class=\"elementor-accordion-icon-opened\"><i class=\"fas fa-chevron-up\"><\/i><\/span>\n\t\t\t\t\t\t\t\t\t\t\t\t\t\t<\/span>\n\t\t\t\t\t\t\t\t\t\t\t\t<a class=\"elementor-accordion-title\" tabindex=\"0\">Mitarbeiter Bar (2 Tage pro Woche)<\/a>\n\t\t\t\t\t<\/div>\n\t\t\t\t\t<div id=\"elementor-tab-content-7461\" class=\"elementor-tab-content elementor-clearfix\" data-tab=\"1\" role=\"region\" aria-labelledby=\"elementor-tab-title-7461\"><ul><li>Eigenst\u00e4ndige F\u00fchrung der Bar an 2 Tagen w\u00f6chentlich<\/li><li>Mithilfe an Privat- und Firmenanl\u00e4ssen<\/li><li>Beratung des umfangreichen Craft-Beer Angebots<\/li><li>Herstellen von Misch &amp; -Mix-Getr\u00e4nken\u00a0nach vorgegebenen Rezepturen<\/li><li>Betreuung &amp; Beratung unserer G\u00e4ste<\/li><li>Aktiver Verkauf unseres Angebotes<\/li><li>Mise en place Arbeiten sowie allgemeine Arbeitsplatzhygiene<\/li><\/ul><div class=\"gt-button gt-style-1 gt-inline-block\"><a href=\"#apply-form\">jetzt bewerben<\/a><\/div><\/div>\n\t\t\t\t<\/div>\n\t\t\t\t\t\t\t<div class=\"elementor-accordion-item\">\n\t\t\t\t\t<div id=\"elementor-tab-title-7462\" class=\"elementor-tab-title\" data-tab=\"2\" role=\"button\" aria-controls=\"elementor-tab-content-7462\" aria-expanded=\"false\">\n\t\t\t\t\t\t\t\t\t\t\t\t\t<span class=\"elementor-accordion-icon elementor-accordion-icon-right\" aria-hidden=\"true\">\n\t\t\t\t\t\t\t\t\t\t\t\t\t\t\t<span class=\"elementor-accordion-icon-closed\"><i class=\"fas fa-chevron-down\"><\/i><\/span>\n\t\t\t\t\t\t\t\t<span class=\"elementor-accordion-icon-opened\"><i class=\"fas fa-chevron-up\"><\/i><\/span>\n\t\t\t\t\t\t\t\t\t\t\t\t\t\t<\/span>\n\t\t\t\t\t\t\t\t\t\t\t\t<a class=\"elementor-accordion-title\" tabindex=\"0\">Social Media Content Creator (1 Tag pro Woche)<\/a>\n\t\t\t\t\t<\/div>\n\t\t\t\t\t<div id=\"elementor-tab-content-7462\" class=\"elementor-tab-content elementor-clearfix\" data-tab=\"2\" role=\"region\" aria-labelledby=\"elementor-tab-title-7462\"><ul><li>Verantwortung \u00fcber die Konzeption, Planung, Organisation und Umsetzung von Content auf Social Media<\/li><li>Verantwortung f\u00fcr alle Social-Media-Kan\u00e4le (Instagram, Facebook, etc.)<\/li><li>Entwicklung von zielgruppengerechten Social-Media-Content unter Ber\u00fccksichtigung aktueller Trends und setzt diese selbst\u00e4ndig um<\/li><li>Erstellung von Social-Media-Reportings<\/li><li>Verantwortung \u00fcber die technische und grafische Weiterentwicklung unserer Homepage (WordPress)<\/li><li>Verantwortung \u00fcber die technische und grafische Weiterentwicklung unseres Shops (Shopify)<\/li><li>Verantwortung \u00fcber die Erstellung sowie den termingerechten Versand unseres Newsletters<\/li><\/ul><div class=\"gt-button gt-style-1 gt-inline-block\"><a href=\"#apply-form\">jetzt bewerben<\/a><\/div><\/div>\n\t\t\t\t<\/div>\n\t\t\t\t\t\t\t\t\t\t<script type=\"application\/ld+json\">{\"@context\":\"https:\\\/\\\/schema.org\",\"@type\":\"FAQPage\",\"mainEntity\":[{\"@type\":\"Question\",\"name\":\"Mitarbeiter Bar (2 Tage pro Woche)\",\"acceptedAnswer\":{\"@type\":\"Answer\",\"text\":\"<ul><li>Eigenst\\u00e4ndige F\\u00fchrung der Bar an 2 Tagen w\\u00f6chentlich<\\\/li><li>Mithilfe an Privat- und Firmenanl\\u00e4ssen<\\\/li><li>Beratung des umfangreichen Craft-Beer Angebots<\\\/li><li>Herstellen von Misch &amp; -Mix-Getr\\u00e4nken\\u00a0nach vorgegebenen Rezepturen<\\\/li><li>Betreuung &amp; Beratung unserer G\\u00e4ste<\\\/li><li>Aktiver Verkauf unseres Angebotes<\\\/li><li>Mise en place Arbeiten sowie allgemeine Arbeitsplatzhygiene<\\\/li><\\\/ul><div class=\\\"gt-button gt-style-1 gt-inline-block\\\"><a href=\\\"#apply-form\\\">jetzt bewerben<\\\/a><\\\/div>\"}},{\"@type\":\"Question\",\"name\":\"Social Media Content Creator (1 Tag pro Woche)\",\"acceptedAnswer\":{\"@type\":\"Answer\",\"text\":\"<ul><li>Verantwortung \\u00fcber die Konzeption, Planung, Organisation und Umsetzung von Content auf Social Media<\\\/li><li>Verantwortung f\\u00fcr alle Social-Media-Kan\\u00e4le (Instagram, Facebook, etc.)<\\\/li><li>Entwicklung von zielgruppengerechten Social-Media-Content unter Ber\\u00fccksichtigung aktueller Trends und setzt diese selbst\\u00e4ndig um<\\\/li><li>Erstellung von Social-Media-Reportings<\\\/li><li>Verantwortung \\u00fcber die technische und grafische Weiterentwicklung unserer Homepage (WordPress)<\\\/li><li>Verantwortung \\u00fcber die technische und grafische Weiterentwicklung unseres Shops (Shopify)<\\\/li><li>Verantwortung \\u00fcber die Erstellung sowie den termingerechten Versand unseres Newsletters<\\\/li><\\\/ul><div class=\\\"gt-button gt-style-1 gt-inline-block\\\"><a href=\\\"#apply-form\\\">jetzt bewerben<\\\/a><\\\/div>\"}}]}<\/script>\n\t\t\t\t\t<\/div>\n\t\t\t\t\t\t<\/div>\n\t\t\t\t<\/div>\n\t\t\t\t\t<\/div>\n\t\t<\/div>\n\t\t\t\t\t<\/div>\n\t\t<\/section>\n\t\t\t\t<section class=\"elementor-section elementor-top-section elementor-element elementor-element-1bcf471 elementor-section-stretched elementor-section-boxed elementor-section-height-default elementor-section-height-default\" data-id=\"1bcf471\" data-element_type=\"section\" id=\"apply-form\" data-settings=\"{&quot;stretch_section&quot;:&quot;section-stretched&quot;,&quot;background_background&quot;:&quot;classic&quot;}\">\n\t\t\t\t\t\t<div class=\"elementor-container elementor-column-gap-no\">\n\t\t\t\t\t<div class=\"elementor-column elementor-col-100 elementor-top-column elementor-element elementor-element-81a3f04\" data-id=\"81a3f04\" data-element_type=\"column\">\n\t\t\t<div class=\"elementor-widget-wrap elementor-element-populated\">\n\t\t\t\t\t\t<div class=\"elementor-element elementor-element-96cf6a1 elementor-widget elementor-widget-heading\" data-id=\"96cf6a1\" data-element_type=\"widget\" data-widget_type=\"heading.default\">\n\t\t\t\t<div class=\"elementor-widget-container\">\n\t\t\t\t\t<h2 class=\"elementor-heading-title elementor-size-default\">Bewerbungs Formular<\/h2>\t\t\t\t<\/div>\n\t\t\t\t<\/div>\n\t\t\t\t<div class=\"elementor-element elementor-element-1340d5c elementor-widget elementor-widget-shortcode\" data-id=\"1340d5c\" data-element_type=\"widget\" data-widget_type=\"shortcode.default\">\n\t\t\t\t<div class=\"elementor-widget-container\">\n\t\t\t\t\t\t\t<div class=\"elementor-shortcode\">\n<div class=\"wpcf7 no-js\" id=\"wpcf7-f4747-o1\" lang=\"en-US\" dir=\"ltr\" data-wpcf7-id=\"4747\">\n<div class=\"screen-reader-response\"><p role=\"status\" aria-live=\"polite\" aria-atomic=\"true\"><\/p> <ul><\/ul><\/div>\n<form action=\"\/index.php?rest_route=%2Fwp%2Fv2%2Fpages%2F4707#wpcf7-f4747-o1\" method=\"post\" class=\"wpcf7-form init\" aria-label=\"Contact form\" enctype=\"multipart\/form-data\" novalidate=\"novalidate\" data-status=\"init\">\n<div style=\"display: none;\">\n<input type=\"hidden\" name=\"_wpcf7\" value=\"4747\" \/>\n<input type=\"hidden\" name=\"_wpcf7_version\" value=\"6.0.4\" \/>\n<input type=\"hidden\" name=\"_wpcf7_locale\" value=\"en_US\" \/>\n<input type=\"hidden\" name=\"_wpcf7_unit_tag\" value=\"wpcf7-f4747-o1\" \/>\n<input type=\"hidden\" name=\"_wpcf7_container_post\" value=\"0\" \/>\n<input type=\"hidden\" name=\"_wpcf7_posted_data_hash\" value=\"\" \/>\n<\/div>\n<p><label for=\"first-name\">Vorname<\/label>\n<span class=\"wpcf7-form-control-wrap\" data-name=\"first-name\"><input size=\"40\" maxlength=\"400\" class=\"wpcf7-form-control wpcf7-text wpcf7-validates-as-required\" id=\"first-name\" aria-required=\"true\" aria-invalid=\"false\" value=\"\" type=\"text\" name=\"first-name\" \/><\/span><\/p>\n\n<p><label for=\"last-name\">Name<\/label>\n<span class=\"wpcf7-form-control-wrap\" data-name=\"last-name\"><input size=\"40\" maxlength=\"400\" class=\"wpcf7-form-control wpcf7-text wpcf7-validates-as-required\" id=\"last-name\" aria-required=\"true\" aria-invalid=\"false\" value=\"\" type=\"text\" name=\"last-name\" \/><\/span><\/p> \n\n<p><label for=\"email-address\">Email Adresse<\/label>\n<span class=\"wpcf7-form-control-wrap\" data-name=\"email-address\"><input size=\"40\" maxlength=\"400\" class=\"wpcf7-form-control wpcf7-email wpcf7-validates-as-required wpcf7-text wpcf7-validates-as-email\" id=\"email-address\" aria-required=\"true\" aria-invalid=\"false\" value=\"\" type=\"email\" name=\"email-address\" \/><\/span><\/p>\n\n<p><label for=\"phone\">Telefonnummer<\/label>\n<span class=\"wpcf7-form-control-wrap\" data-name=\"phone\"><input size=\"40\" maxlength=\"400\" class=\"wpcf7-form-control wpcf7-tel wpcf7-validates-as-required wpcf7-text wpcf7-validates-as-tel\" id=\"phone\" aria-required=\"true\" aria-invalid=\"false\" value=\"\" type=\"tel\" name=\"phone\" \/><\/span><\/p>\n\n<p><label for=\"position\">Bewerbung als<\/label>\n<span class=\"wpcf7-form-control-wrap\" data-name=\"position\"><select class=\"wpcf7-form-control wpcf7-select wpcf7-validates-as-required\" id=\"position\" aria-required=\"true\" aria-invalid=\"false\" name=\"position\"><option value=\"\">&#8212;Please choose an option&#8212;<\/option><option value=\"Mitarbeiter\/in Bar\">Mitarbeiter\/in Bar<\/option><option value=\"Social Media Creator &amp; Online Marketing\">Social Media Creator &amp; Online Marketing<\/option><\/select><\/span><\/p>\n\n<p><label for=\"resume\">Upload Bewerbungsdossier<\/label>\n<span class=\"wpcf7-form-control-wrap\" data-name=\"resume\"><input size=\"40\" class=\"wpcf7-form-control wpcf7-file wpcf7-validates-as-required\" id=\"resume\" accept=\".pdf,.doc,.docx,.jpg,.png\" aria-required=\"true\" aria-invalid=\"false\" type=\"file\" name=\"resume\" \/><\/span><\/p>\n\n<p><label for=\"message\">Bewerbungsschreiben<\/label>\n<span class=\"wpcf7-form-control-wrap\" data-name=\"message\"><textarea cols=\"40\" rows=\"4\" maxlength=\"2000\" class=\"wpcf7-form-control wpcf7-textarea\" id=\"message\" aria-invalid=\"false\" name=\"message\"><\/textarea><\/span><\/p>\n\n<input class=\"wpcf7-form-control wpcf7-submit has-spinner\" type=\"submit\" value=\"senden\" \/><div class=\"wpcf7-response-output\" aria-hidden=\"true\"><\/div>\n<\/form>\n<\/div>\n<\/div>\n\t\t\t\t\t\t<\/div>\n\t\t\t\t<\/div>\n\t\t\t\t\t<\/div>\n\t\t<\/div>\n\t\t\t\t\t<\/div>\n\t\t<\/section>\n\t\t\t\t<\/div>\n\t\t","protected":false},"excerpt":{"rendered":"<p>Mitarbeiter Bar (2 Tage pro Woche) Eigenst\u00e4ndige F\u00fchrung der Bar an 2 Tagen w\u00f6chentlich Mithilfe an Privat- und Firmenanl\u00e4ssen Beratung des umfangreichen Craft-Beer Angebots Herstellen&#8230;<\/p>\n","protected":false},"author":1,"featured_media":0,"parent":0,"menu_order":0,"comment_status":"closed","ping_status":"closed","template":"","meta":{"footnotes":""},"class_list":["post-4707","page","type-page","status-publish","hentry"],"_links":{"self":[{"href":"https:\/\/2025.nova.theater\/index.php?rest_route=\/wp\/v2\/pages\/4707","targetHints":{"allow":["GET"]}}],"collection":[{"href":"https:\/\/2025.nova.theater\/index.php?rest_route=\/wp\/v2\/pages"}],"about":[{"href":"https:\/\/2025.nova.theater\/index.php?rest_route=\/wp\/v2\/types\/page"}],"author":[{"embeddable":true,"href":"https:\/\/2025.nova.theater\/index.php?rest_route=\/wp\/v2\/users\/1"}],"replies":[{"embeddable":true,"href":"https:\/\/2025.nova.theater\/index.php?rest_route=%2Fwp%2Fv2%2Fcomments&post=4707"}],"version-history":[{"count":10,"href":"https:\/\/2025.nova.theater\/index.php?rest_route=\/wp\/v2\/pages\/4707\/revisions"}],"predecessor-version":[{"id":6498,"href":"https:\/\/2025.nova.theater\/index.php?rest_route=\/wp\/v2\/pages\/4707\/revisions\/6498"}],"wp:attachment":[{"href":"https:\/\/2025.nova.theater\/index.php?rest_route=%2Fwp%2Fv2%2Fmedia&parent=4707"}],"curies":[{"name":"wp","href":"https:\/\/api.w.org\/{rel}","templated":true}]}}