{"id":4832,"date":"2021-10-11T19:42:27","date_gmt":"2021-10-11T19:42:27","guid":{"rendered":"https:\/\/demo.gloriathemes.com\/loquet\/demo\/?page_id=4832"},"modified":"2025-05-10T15:30:47","modified_gmt":"2025-05-10T15:30:47","slug":"timeline","status":"publish","type":"page","link":"https:\/\/2025.nova.theater\/?page_id=4832","title":{"rendered":"History"},"content":{"rendered":"\t\t<div data-elementor-type=\"wp-page\" data-elementor-id=\"4832\" class=\"elementor elementor-4832\">\n\t\t\t\t\t\t<section class=\"elementor-section elementor-top-section elementor-element elementor-element-0741571 elementor-section-boxed elementor-section-height-default elementor-section-height-default\" data-id=\"0741571\" data-element_type=\"section\">\n\t\t\t\t\t\t<div class=\"elementor-container elementor-column-gap-no\">\n\t\t\t\t\t<div class=\"elementor-column elementor-col-100 elementor-top-column elementor-element elementor-element-ece2afe\" data-id=\"ece2afe\" data-element_type=\"column\">\n\t\t\t<div class=\"elementor-widget-wrap elementor-element-populated\">\n\t\t\t\t\t\t<div class=\"elementor-element elementor-element-2f91390 elementor-widget elementor-widget-loquet-timeline-widget\" data-id=\"2f91390\" data-element_type=\"widget\" data-widget_type=\"loquet-timeline-widget.default\">\n\t\t\t\t<div class=\"elementor-widget-container\">\n\t\t\t\t\t<div class=\"gt-timeline gt-style-2 gt-light\"><ul><li><div class=\"gt-top-content\"><div class=\"gt-photo\"><img fetchpriority=\"high\" decoding=\"async\" width=\"753\" height=\"560\" src=\"https:\/\/2025.nova.theater\/wp-content\/uploads\/2025\/04\/NOVA-1946.jpg\" class=\"attachment-full size-full\" alt=\"NOVA - Rex - 1946\" srcset=\"https:\/\/2025.nova.theater\/wp-content\/uploads\/2025\/04\/NOVA-1946.jpg 753w, https:\/\/2025.nova.theater\/wp-content\/uploads\/2025\/04\/NOVA-1946-300x223.jpg 300w, https:\/\/2025.nova.theater\/wp-content\/uploads\/2025\/04\/NOVA-1946-590x440.jpg 590w, https:\/\/2025.nova.theater\/wp-content\/uploads\/2025\/04\/NOVA-1946-415x309.jpg 415w, https:\/\/2025.nova.theater\/wp-content\/uploads\/2025\/04\/NOVA-1946-650x483.jpg 650w, https:\/\/2025.nova.theater\/wp-content\/uploads\/2025\/04\/NOVA-1946-250x186.jpg 250w, https:\/\/2025.nova.theater\/wp-content\/uploads\/2025\/04\/NOVA-1946-600x446.jpg 600w\" sizes=\"(max-width: 753px) 100vw, 753px\" \/><\/div><div class=\"gt-year\">1946<\/div><div class=\"gt-title-wrapper\"><div class=\"gt-title\">Silvano und Maria Wacker-Autenheimer bauen das Kino Rex<\/div><\/div><\/div><div class=\"gt-bottom-content\"><div class=\"gt-desc\"><p>Mit dem Architekten G. Osio, aus Z\u00fcich, fand man einen geeigneten Projektverfas\u00adser.\u00a0 Es solle ein Theaterbau entstehen, welcher sich mit der \u00e4usseren Struktur in die Um\u00adgebung und das Landschaftsbild harmonisch einf\u00fcgt. In der inneren Gestaltung aber nicht nur akustisch vorz\u00fcglich, son\u00addern auch im \u00e4sthetischen Ausdruck musterg\u00fcltig wirkt. Mit einer L\u00e4nge von 18 Metern, einer Breite von 11,70 Metern und einer Durchschnittsh\u00f6he von 5,50 Metern fasste der Theatersaal 280 Sitzpl\u00e4tze. <a href=\"https:\/\/2025.nova.theater\/wp-content\/uploads\/2025\/04\/Wochenblatt-Pfaeffikon_Februar1964-scaled.jpg\" target=\"_blank\" rel=\"noopener\"><b>- Wochenblatt 1946 -<\/b><\/a><\/p>\n<\/div><\/div><\/li><li><div class=\"gt-top-content\"><div class=\"gt-title-wrapper\"><div class=\"gt-title\"> Verkauf des Kino Rex an Familie Br\u00f6nimann <\/div><\/div><div class=\"gt-year\">1967<\/div><div class=\"gt-photo\"><img decoding=\"async\" width=\"753\" height=\"560\" src=\"https:\/\/2025.nova.theater\/wp-content\/uploads\/2025\/04\/REX-1946.jpg\" class=\"attachment-full size-full\" alt=\"NOVA - Rex - 1946\" srcset=\"https:\/\/2025.nova.theater\/wp-content\/uploads\/2025\/04\/REX-1946.jpg 753w, https:\/\/2025.nova.theater\/wp-content\/uploads\/2025\/04\/REX-1946-300x223.jpg 300w, https:\/\/2025.nova.theater\/wp-content\/uploads\/2025\/04\/REX-1946-590x440.jpg 590w, https:\/\/2025.nova.theater\/wp-content\/uploads\/2025\/04\/REX-1946-415x309.jpg 415w, https:\/\/2025.nova.theater\/wp-content\/uploads\/2025\/04\/REX-1946-650x483.jpg 650w, https:\/\/2025.nova.theater\/wp-content\/uploads\/2025\/04\/REX-1946-250x186.jpg 250w, https:\/\/2025.nova.theater\/wp-content\/uploads\/2025\/04\/REX-1946-600x446.jpg 600w\" sizes=\"(max-width: 753px) 100vw, 753px\" \/><\/div><\/div><div class=\"gt-bottom-content\"><div class=\"gt-desc\"><p class=\"p1\"><span class=\"s1\">Im <\/span><span class=\"s2\">November <\/span>1964 starb Silvano Wacker. <span class=\"s3\">Seine <\/span>Frau <span class=\"s4\">fu\u0308hrte <\/span><span class=\"s5\">das <\/span><span class=\"s2\">Kino <\/span>Rex in P<span class=\"s1\">f\u00e4ffikon <\/span>noch einige <span class=\"s4\">Jahre <\/span>alleine weiter und <span class=\"s4\">verkaufte <\/span><span class=\"s5\">es <\/span>schliesslich <span class=\"s6\">- <\/span>nachdem <span class=\"s5\">es <\/span>ein <span class=\"s4\">Jahr l<\/span><span class=\"s7\">ang von <\/span>ihr gefu\u0308hrt worden <span class=\"s7\">war <\/span><span class=\"s8\">- <\/span><span class=\"s7\">1967 <\/span><span class=\"s3\">an <\/span>Hans Br\u00f6nnimann. Familie Br\u00f6nnimann wohnte seit diesem Zeitpunkt in der Wohnung oberhalb des Kino Rex. Das Kino wurde bis 1984 durch Familie Br\u00f6nnimann betrieben. <a href=\"https:\/\/2025.nova.theater\/wp-content\/uploads\/2025\/04\/Heimatspiegel_August_1985.pdf\" target=\"_blank\" rel=\"noopener\"><strong>- Artikel Heimatspiegel -\u00a0<\/strong><\/a><\/p>\n<\/div><\/div><\/li><li><div class=\"gt-top-content\"><div class=\"gt-photo\"><img decoding=\"async\" width=\"753\" height=\"560\" src=\"https:\/\/2025.nova.theater\/wp-content\/uploads\/2025\/04\/Kino-Rex-Verein.jpg\" class=\"attachment-full size-full\" alt=\"Kultur im Rex - Gr\u00fcndung 1984\" srcset=\"https:\/\/2025.nova.theater\/wp-content\/uploads\/2025\/04\/Kino-Rex-Verein.jpg 753w, https:\/\/2025.nova.theater\/wp-content\/uploads\/2025\/04\/Kino-Rex-Verein-300x223.jpg 300w, https:\/\/2025.nova.theater\/wp-content\/uploads\/2025\/04\/Kino-Rex-Verein-590x440.jpg 590w, https:\/\/2025.nova.theater\/wp-content\/uploads\/2025\/04\/Kino-Rex-Verein-415x309.jpg 415w, https:\/\/2025.nova.theater\/wp-content\/uploads\/2025\/04\/Kino-Rex-Verein-650x483.jpg 650w, https:\/\/2025.nova.theater\/wp-content\/uploads\/2025\/04\/Kino-Rex-Verein-250x186.jpg 250w, https:\/\/2025.nova.theater\/wp-content\/uploads\/2025\/04\/Kino-Rex-Verein-600x446.jpg 600w\" sizes=\"(max-width: 753px) 100vw, 753px\" \/><\/div><div class=\"gt-year\">1984<\/div><div class=\"gt-title-wrapper\"><div class=\"gt-title\">Gr\u00fcndung und Einzug des Vereins &quot;Kultur im Rex&quot;<\/div><\/div><\/div><div class=\"gt-bottom-content\"><div class=\"gt-desc\"><p>1984 wurde der Verein Kultur im Rex durch Rainer Hesselbarth gegru\u0308ndet. Der Verein stellte ein vielf\u00e4ltiges Kulturprogramm auf die Bu\u0308hne mit Kinofilmen, Theater, Konzerten, Kindertheater, Literaturabende, Vortr\u00e4ge, Discos, Projekttage etc. Erste Veranstaltung: Silvester 1984\/1985. Der Verein betrieb bis 2015 ein Kulturzentrum an der Spitalstrasse 1 und zog danach ins Chesselhuus.<br \/><strong><a href=\"https:\/\/2025.nova.theater\/wp-content\/uploads\/2025\/04\/Artikel-Gruendung-Rex.jpg\" target=\"_blank\" rel=\"noopener\">- Artikel Gr\u00fcndung \"Verein Kino Rex -<\/a><\/strong><br \/><strong><a href=\"https:\/\/2025.nova.theater\/wp-content\/uploads\/2025\/04\/Artikel-Gruendung-Rex-2.jpg\" target=\"_blank\" rel=\"noopener\">- Artikel Silvesternacht im Kino Rex -<\/a><\/strong><\/p>\n<\/div><\/div><\/li><li><div class=\"gt-top-content\"><div class=\"gt-title-wrapper\"><div class=\"gt-title\">Umbau &amp; Zwischennutzung von zwei Agenturen<\/div><\/div><div class=\"gt-year\">2015<\/div><div class=\"gt-photo\"><img loading=\"lazy\" decoding=\"async\" width=\"753\" height=\"560\" src=\"https:\/\/2025.nova.theater\/wp-content\/uploads\/2025\/04\/Umbau-NOVA.jpg\" class=\"attachment-full size-full\" alt=\"Umbau NOVA - Agentur\" srcset=\"https:\/\/2025.nova.theater\/wp-content\/uploads\/2025\/04\/Umbau-NOVA.jpg 753w, https:\/\/2025.nova.theater\/wp-content\/uploads\/2025\/04\/Umbau-NOVA-300x223.jpg 300w, https:\/\/2025.nova.theater\/wp-content\/uploads\/2025\/04\/Umbau-NOVA-590x440.jpg 590w, https:\/\/2025.nova.theater\/wp-content\/uploads\/2025\/04\/Umbau-NOVA-415x309.jpg 415w, https:\/\/2025.nova.theater\/wp-content\/uploads\/2025\/04\/Umbau-NOVA-650x483.jpg 650w, https:\/\/2025.nova.theater\/wp-content\/uploads\/2025\/04\/Umbau-NOVA-250x186.jpg 250w, https:\/\/2025.nova.theater\/wp-content\/uploads\/2025\/04\/Umbau-NOVA-600x446.jpg 600w\" sizes=\"(max-width: 753px) 100vw, 753px\" \/><\/div><\/div><div class=\"gt-bottom-content\"><div class=\"gt-desc\"><p>2015 wurde das Geb\u00e4ude von zwei Agenturen \u00fcbernommen. Mit viel Hingabe und Liebe zum Detail wurde das ehemalige Kino Rex zum NOVA.Theater umgebaut. Herzblut und intensivster Zeitaufwand machen das einmalige Lokal wieder zum \u00f6ffentlichen, kulturellen und sozialen Treffpunkt in der Gemeinde Pf\u00e4ffikon ZH und dem\u00a0 Zu\u0308rcher Oberland.\u00a0<\/p>\n<\/div><\/div><\/li><li><div class=\"gt-top-content\"><div class=\"gt-photo\"><img loading=\"lazy\" decoding=\"async\" width=\"753\" height=\"560\" src=\"https:\/\/2025.nova.theater\/wp-content\/uploads\/2025\/04\/Eroeffnung-NOVA.jpg\" class=\"attachment-full size-full\" alt=\"Er\u00f6ffnung NOVA - 2017\" srcset=\"https:\/\/2025.nova.theater\/wp-content\/uploads\/2025\/04\/Eroeffnung-NOVA.jpg 753w, https:\/\/2025.nova.theater\/wp-content\/uploads\/2025\/04\/Eroeffnung-NOVA-300x223.jpg 300w, https:\/\/2025.nova.theater\/wp-content\/uploads\/2025\/04\/Eroeffnung-NOVA-590x440.jpg 590w, https:\/\/2025.nova.theater\/wp-content\/uploads\/2025\/04\/Eroeffnung-NOVA-415x309.jpg 415w, https:\/\/2025.nova.theater\/wp-content\/uploads\/2025\/04\/Eroeffnung-NOVA-650x483.jpg 650w, https:\/\/2025.nova.theater\/wp-content\/uploads\/2025\/04\/Eroeffnung-NOVA-250x186.jpg 250w, https:\/\/2025.nova.theater\/wp-content\/uploads\/2025\/04\/Eroeffnung-NOVA-600x446.jpg 600w\" sizes=\"(max-width: 753px) 100vw, 753px\" \/><\/div><div class=\"gt-year\">2017<\/div><div class=\"gt-title-wrapper\"><div class=\"gt-title\">Offizielle Er\u00f6ffnung NOVA.Theater<\/div><\/div><\/div><div class=\"gt-bottom-content\"><div class=\"gt-desc\"><p>Das NOVA. etabliert sich rasch als Bar sowie Kultur &amp; Eventlocation.\u00a0<\/p>\n<\/div><\/div><\/li><li><div class=\"gt-top-content\"><div class=\"gt-title-wrapper\"><div class=\"gt-title\">Umbau Foyer &amp; St\u00fcbli w\u00e4hrend Lockdown<\/div><\/div><div class=\"gt-year\">2020<\/div><div class=\"gt-photo\"><img loading=\"lazy\" decoding=\"async\" width=\"753\" height=\"560\" src=\"https:\/\/2025.nova.theater\/wp-content\/uploads\/2025\/04\/NOVA-Bar-Umbau.jpg\" class=\"attachment-full size-full\" alt=\"NOVA.Bar - Umbau 2020\" srcset=\"https:\/\/2025.nova.theater\/wp-content\/uploads\/2025\/04\/NOVA-Bar-Umbau.jpg 753w, https:\/\/2025.nova.theater\/wp-content\/uploads\/2025\/04\/NOVA-Bar-Umbau-300x223.jpg 300w, https:\/\/2025.nova.theater\/wp-content\/uploads\/2025\/04\/NOVA-Bar-Umbau-590x440.jpg 590w, https:\/\/2025.nova.theater\/wp-content\/uploads\/2025\/04\/NOVA-Bar-Umbau-415x309.jpg 415w, https:\/\/2025.nova.theater\/wp-content\/uploads\/2025\/04\/NOVA-Bar-Umbau-650x483.jpg 650w, https:\/\/2025.nova.theater\/wp-content\/uploads\/2025\/04\/NOVA-Bar-Umbau-250x186.jpg 250w, https:\/\/2025.nova.theater\/wp-content\/uploads\/2025\/04\/NOVA-Bar-Umbau-600x446.jpg 600w\" sizes=\"(max-width: 753px) 100vw, 753px\" \/><\/div><\/div><div class=\"gt-bottom-content\"><div class=\"gt-desc\"><p>W\u00e4hrend dem Lockdown wurden die Bar im Foyer und das St\u00fcbli umgbaut. Gemeinsam mit wertvollen Helfern und Freunden wurde der NOVA.Bar so ein neues Kleid verpasst. W\u00e4hrend dem Lockdown wurde das Pop-Up \"blaui Gans\" an der Seestrasse in Pf\u00e4ffikon ZH betrieben.<\/p>\n<\/div><\/div><\/li><li><div class=\"gt-top-content\"><div class=\"gt-photo\"><img loading=\"lazy\" decoding=\"async\" width=\"753\" height=\"560\" src=\"https:\/\/2025.nova.theater\/wp-content\/uploads\/2025\/04\/Lisa-Abschied-.jpg\" class=\"attachment-full size-full\" alt=\"Lisa Br\u00f6nnimann - Spitalstrasse 1\" srcset=\"https:\/\/2025.nova.theater\/wp-content\/uploads\/2025\/04\/Lisa-Abschied-.jpg 753w, https:\/\/2025.nova.theater\/wp-content\/uploads\/2025\/04\/Lisa-Abschied--300x223.jpg 300w, https:\/\/2025.nova.theater\/wp-content\/uploads\/2025\/04\/Lisa-Abschied--590x440.jpg 590w, https:\/\/2025.nova.theater\/wp-content\/uploads\/2025\/04\/Lisa-Abschied--415x309.jpg 415w, https:\/\/2025.nova.theater\/wp-content\/uploads\/2025\/04\/Lisa-Abschied--650x483.jpg 650w, https:\/\/2025.nova.theater\/wp-content\/uploads\/2025\/04\/Lisa-Abschied--250x186.jpg 250w, https:\/\/2025.nova.theater\/wp-content\/uploads\/2025\/04\/Lisa-Abschied--600x446.jpg 600w\" sizes=\"(max-width: 753px) 100vw, 753px\" \/><\/div><div class=\"gt-year\">2023<\/div><div class=\"gt-title-wrapper\"><div class=\"gt-title\">Abschied von Lisa Br\u00f6nnimann (\u2020) \/ Verkauf der Liegenschaft<\/div><\/div><\/div><div class=\"gt-bottom-content\"><div class=\"gt-desc\"><p>Im Alter von 103 Jahren verstarb Lisa Br\u00f6nnimann am 21. Januar 2023. \u00dcber 30 Jahre war Lisa die Hausmutter der Spitalstrasse 1. Wir danken Lisa f\u00fcr die sch\u00f6ne Freundschaft und behalten sie in ehrenvoller Erinnerung. Nach dem Abschied von Lisa wurde die Liegenschaft von der Erbengemeinschaft an Invenstoren verkauft.\u00a0<\/p>\n<\/div><\/div><\/li><li><div class=\"gt-top-content\"><div class=\"gt-title-wrapper\"><div class=\"gt-title\">80 Jahre sp\u00e4ter...<\/div><\/div><div class=\"gt-year\">2025<\/div><div class=\"gt-photo\"><img loading=\"lazy\" decoding=\"async\" width=\"753\" height=\"560\" src=\"https:\/\/2025.nova.theater\/wp-content\/uploads\/2025\/04\/NOVA-fin.jpg\" class=\"attachment-full size-full\" alt=\"NOVA. Pf\u00e4ffikon\" srcset=\"https:\/\/2025.nova.theater\/wp-content\/uploads\/2025\/04\/NOVA-fin.jpg 753w, https:\/\/2025.nova.theater\/wp-content\/uploads\/2025\/04\/NOVA-fin-300x223.jpg 300w, https:\/\/2025.nova.theater\/wp-content\/uploads\/2025\/04\/NOVA-fin-590x440.jpg 590w, https:\/\/2025.nova.theater\/wp-content\/uploads\/2025\/04\/NOVA-fin-415x309.jpg 415w, https:\/\/2025.nova.theater\/wp-content\/uploads\/2025\/04\/NOVA-fin-650x483.jpg 650w, https:\/\/2025.nova.theater\/wp-content\/uploads\/2025\/04\/NOVA-fin-250x186.jpg 250w, https:\/\/2025.nova.theater\/wp-content\/uploads\/2025\/04\/NOVA-fin-600x446.jpg 600w\" sizes=\"(max-width: 753px) 100vw, 753px\" \/><\/div><\/div><div class=\"gt-bottom-content\"><div class=\"gt-desc\"><p>Ende 2025 l\u00e4uft der Pachtvertrag f\u00fcr's NOVA. an diesem wunderbaren Ort aus. Gleich nach dem Verkauf der Liegenschaft hat der Verein.NOVA eine K\u00fcndigung erhalten. Die neuen Eigent\u00fcmer projektieren 12 Wohnungen in deinem 4-st\u00f6ckigen Mehrfamilienhaus. Der Z\u00fcrcher Heimatschutz hat im M\u00e4rz 2025 gemeinsam mit dem Schweizer Heimatschutz Rekurs gegen den Baurechtsentscheid der Gemeinde eingelegt. <strong>Das Geb\u00e4ude sei der \u00e4lteste noch authentisch erhaltene Zeuge der vergangenen Kinokultur im Z\u00fcrcher Oberland, argumentiert der ZVH. <br \/><\/strong><\/p>\n<ul>\n<li><strong><br \/><a href=\"https:\/\/www.heimatschutz-zh.ch\/fileadmin_zuerich\/user_upload_ZVH\/Dokumente_ZVH\/Aktuelles\/Medienmitteilungen_ZVH\/Medienmitteilungen_2025\/20250318_ZVH_MM_Pfaeffikon_Spitalstrasse_1_Kino.pdf\" target=\"_blank\" rel=\"noopener\">Medienmitteilung ZHV<\/a><br \/><a href=\"https:\/\/www.heimatschutz-zh.ch\/aktuelles-detail\/keinen-abbruch-des-ehemaligen-kino-rex-in-pfaeffikon\" target=\"_blank\" rel=\"noopener\">Publikation Heimatschutz<\/a><\/strong><\/li>\n<\/ul>\n<\/div><\/div><\/li><\/ul><\/div>\t\t\t\t<\/div>\n\t\t\t\t<\/div>\n\t\t\t\t\t<\/div>\n\t\t<\/div>\n\t\t\t\t\t<\/div>\n\t\t<\/section>\n\t\t\t\t<\/div>\n\t\t","protected":false},"excerpt":{"rendered":"<p>1946Silvano und Maria Wacker-Autenheimer bauen das Kino Rex Mit dem Architekten G. Osio, aus Z\u00fcich, fand man einen geeigneten Projektverfas\u00adser.\u00a0 Es solle ein Theaterbau entstehen,&#8230;<\/p>\n","protected":false},"author":1,"featured_media":0,"parent":0,"menu_order":0,"comment_status":"closed","ping_status":"closed","template":"","meta":{"footnotes":""},"class_list":["post-4832","page","type-page","status-publish","hentry"],"_links":{"self":[{"href":"https:\/\/2025.nova.theater\/index.php?rest_route=\/wp\/v2\/pages\/4832","targetHints":{"allow":["GET"]}}],"collection":[{"href":"https:\/\/2025.nova.theater\/index.php?rest_route=\/wp\/v2\/pages"}],"about":[{"href":"https:\/\/2025.nova.theater\/index.php?rest_route=\/wp\/v2\/types\/page"}],"author":[{"embeddable":true,"href":"https:\/\/2025.nova.theater\/index.php?rest_route=\/wp\/v2\/users\/1"}],"replies":[{"embeddable":true,"href":"https:\/\/2025.nova.theater\/index.php?rest_route=%2Fwp%2Fv2%2Fcomments&post=4832"}],"version-history":[{"count":45,"href":"https:\/\/2025.nova.theater\/index.php?rest_route=\/wp\/v2\/pages\/4832\/revisions"}],"predecessor-version":[{"id":8131,"href":"https:\/\/2025.nova.theater\/index.php?rest_route=\/wp\/v2\/pages\/4832\/revisions\/8131"}],"wp:attachment":[{"href":"https:\/\/2025.nova.theater\/index.php?rest_route=%2Fwp%2Fv2%2Fmedia&parent=4832"}],"curies":[{"name":"wp","href":"https:\/\/api.w.org\/{rel}","templated":true}]}}