{"id":640,"date":"2021-09-13T21:43:02","date_gmt":"2021-09-13T21:43:02","guid":{"rendered":"https:\/\/demo.gloriathemes.com\/loquet\/demo\/?page_id=640"},"modified":"2025-05-14T04:33:40","modified_gmt":"2025-05-14T04:33:40","slug":"raume","status":"publish","type":"page","link":"https:\/\/2025.nova.theater\/?page_id=640","title":{"rendered":"R\u00e4ume"},"content":{"rendered":"\t\t<div data-elementor-type=\"wp-page\" data-elementor-id=\"640\" class=\"elementor elementor-640\">\n\t\t\t\t\t\t<section class=\"elementor-section elementor-top-section elementor-element elementor-element-2ac0920 elementor-section-full_width elementor-section-height-default elementor-section-height-default\" data-id=\"2ac0920\" data-element_type=\"section\">\n\t\t\t\t\t\t<div class=\"elementor-container elementor-column-gap-no\">\n\t\t\t\t\t<div class=\"elementor-column elementor-col-100 elementor-top-column elementor-element elementor-element-0183d0e\" data-id=\"0183d0e\" data-element_type=\"column\">\n\t\t\t<div class=\"elementor-widget-wrap elementor-element-populated\">\n\t\t\t\t\t\t<div class=\"elementor-element elementor-element-b097333 elementor-widget elementor-widget-loquet-exhibitions-widget\" data-id=\"b097333\" data-element_type=\"widget\" data-widget_type=\"loquet-exhibitions-widget.default\">\n\t\t\t\t<div class=\"elementor-widget-container\">\n\t\t\t\t\t<div class=\"gt-exhibitions-listing gt-style-1 gt-light gt-align-center\"><div class=\"gt-grid gt-grid-2 gt-spacing-20\"><div class=\"gt-grid-col\"><div class=\"gt-item\"><div class=\"gt-image\"><a href=\"https:\/\/2025.nova.theater\/?exhibition=nova-stuebli\"><img fetchpriority=\"high\" decoding=\"async\" width=\"500\" height=\"500\" src=\"https:\/\/2025.nova.theater\/wp-content\/uploads\/2021\/09\/Nova83-500x500.jpg\" class=\"attachment-loquet-thumbnail-4 size-loquet-thumbnail-4 wp-post-image\" alt=\"NOVA. St\u00fcbli\" srcset=\"https:\/\/2025.nova.theater\/wp-content\/uploads\/2021\/09\/Nova83-500x500.jpg 500w, https:\/\/2025.nova.theater\/wp-content\/uploads\/2021\/09\/Nova83-150x150.jpg 150w, https:\/\/2025.nova.theater\/wp-content\/uploads\/2021\/09\/Nova83-100x100.jpg 100w, https:\/\/2025.nova.theater\/wp-content\/uploads\/2021\/09\/Nova83-350x350.jpg 350w, https:\/\/2025.nova.theater\/wp-content\/uploads\/2021\/09\/Nova83-650x650.jpg 650w, https:\/\/2025.nova.theater\/wp-content\/uploads\/2021\/09\/Nova83-300x300.jpg 300w\" sizes=\"(max-width: 500px) 100vw, 500px\" \/><\/a><\/div><div class=\"gt-content\"><div class=\"gt-title\"><a href=\"https:\/\/2025.nova.theater\/?exhibition=nova-stuebli\">St\u00fcbli<\/a><\/div><div class=\"gt-desc\"><p>Das St\u00fcbli ist der R\u00fcckzugsort im NOVA. Hier darf man auch etwas ruhiger zusammensitzen, plaudern oder lesen. Das St\u00fcbli bietet Platz f\u00fcr bis zu 8 Personen. Hin und wieder gibt's im lichtdurchfluteten Raum auch die Hairsession mit Lilith Amrad.<\/p>\n<\/div><\/div><\/div><\/div><div class=\"gt-grid-col\"><div class=\"gt-item\"><div class=\"gt-image\"><a href=\"https:\/\/2025.nova.theater\/?exhibition=nova-foyer\"><img decoding=\"async\" width=\"500\" height=\"500\" src=\"https:\/\/2025.nova.theater\/wp-content\/uploads\/2021\/09\/35-500x500.jpg\" class=\"attachment-loquet-thumbnail-4 size-loquet-thumbnail-4 wp-post-image\" alt=\"NOVA. Foyer\" srcset=\"https:\/\/2025.nova.theater\/wp-content\/uploads\/2021\/09\/35-500x500.jpg 500w, https:\/\/2025.nova.theater\/wp-content\/uploads\/2021\/09\/35-150x150.jpg 150w, https:\/\/2025.nova.theater\/wp-content\/uploads\/2021\/09\/35-100x100.jpg 100w, https:\/\/2025.nova.theater\/wp-content\/uploads\/2021\/09\/35-350x350.jpg 350w, https:\/\/2025.nova.theater\/wp-content\/uploads\/2021\/09\/35-650x650.jpg 650w, https:\/\/2025.nova.theater\/wp-content\/uploads\/2021\/09\/35-300x300.jpg 300w\" sizes=\"(max-width: 500px) 100vw, 500px\" \/><\/a><\/div><div class=\"gt-content\"><div class=\"gt-title\"><a href=\"https:\/\/2025.nova.theater\/?exhibition=nova-foyer\">Bar &#038; Foyer<\/a><\/div><div class=\"gt-desc\"><p>Die NOVA.Bar ist ein wahres Paradies f\u00fcr Craft-Bier-Liebhaber \u2013 mit laufend wechselnden Bieren aus aller Welt. Dazu gibt\u2019s eine feine Auswahl an Gin, Rum, Whisky, Drinks und Bubbles. Wer lieber Traube statt Hopfen w\u00e4hlt, findet bei uns spannende Weine \u2013 oft naturbelassen, immer mit Charakter.<\/p>\n<\/div><\/div><\/div><\/div><div class=\"gt-grid-col\"><div class=\"gt-item\"><div class=\"gt-image\"><a href=\"https:\/\/2025.nova.theater\/?exhibition=nova-saal\"><img decoding=\"async\" width=\"500\" height=\"500\" src=\"https:\/\/2025.nova.theater\/wp-content\/uploads\/2021\/09\/NOVA-Saal-500x500.jpg\" class=\"attachment-loquet-thumbnail-4 size-loquet-thumbnail-4 wp-post-image\" alt=\"NOVA.Theater, Saal\" srcset=\"https:\/\/2025.nova.theater\/wp-content\/uploads\/2021\/09\/NOVA-Saal-500x500.jpg 500w, https:\/\/2025.nova.theater\/wp-content\/uploads\/2021\/09\/NOVA-Saal-150x150.jpg 150w, https:\/\/2025.nova.theater\/wp-content\/uploads\/2021\/09\/NOVA-Saal-100x100.jpg 100w, https:\/\/2025.nova.theater\/wp-content\/uploads\/2021\/09\/NOVA-Saal-350x350.jpg 350w, https:\/\/2025.nova.theater\/wp-content\/uploads\/2021\/09\/NOVA-Saal-650x650.jpg 650w, https:\/\/2025.nova.theater\/wp-content\/uploads\/2021\/09\/NOVA-Saal-300x300.jpg 300w\" sizes=\"(max-width: 500px) 100vw, 500px\" \/><\/a><\/div><div class=\"gt-content\"><div class=\"gt-title\"><a href=\"https:\/\/2025.nova.theater\/?exhibition=nova-saal\">Saal<\/a><\/div><div class=\"gt-desc\"><p>Der Saal bietet bis zu 120 Sitzpl\u00e4tze oder bis zu 180 Stehpl\u00e4tze. Perfekt f\u00fcr den privaten oder \u00f6ffentlichen Anlass. Wir veranstalten Konzerte, PubQuiz, Poetry Slam, Parties oder auch Mal ein Public Viewing. Entdeckt das bunte NOVA.Programm oder geniesst den Barbetrieb auch im Saal.<\/p>\n<\/div><\/div><\/div><\/div><div class=\"gt-grid-col\"><div class=\"gt-item\"><div class=\"gt-image\"><a href=\"https:\/\/2025.nova.theater\/?exhibition=nova-garten\"><img loading=\"lazy\" decoding=\"async\" width=\"500\" height=\"500\" src=\"https:\/\/2025.nova.theater\/wp-content\/uploads\/2021\/09\/NOVA-Garten-P-500x500.jpg\" class=\"attachment-loquet-thumbnail-4 size-loquet-thumbnail-4 wp-post-image\" alt=\"NOVA.Garten Bar &amp; Terrasse\" srcset=\"https:\/\/2025.nova.theater\/wp-content\/uploads\/2021\/09\/NOVA-Garten-P-500x500.jpg 500w, https:\/\/2025.nova.theater\/wp-content\/uploads\/2021\/09\/NOVA-Garten-P-150x150.jpg 150w, https:\/\/2025.nova.theater\/wp-content\/uploads\/2021\/09\/NOVA-Garten-P-100x100.jpg 100w, https:\/\/2025.nova.theater\/wp-content\/uploads\/2021\/09\/NOVA-Garten-P-350x350.jpg 350w, https:\/\/2025.nova.theater\/wp-content\/uploads\/2021\/09\/NOVA-Garten-P-650x650.jpg 650w, https:\/\/2025.nova.theater\/wp-content\/uploads\/2021\/09\/NOVA-Garten-P-300x300.jpg 300w\" sizes=\"(max-width: 500px) 100vw, 500px\" \/><\/a><\/div><div class=\"gt-content\"><div class=\"gt-title\"><a href=\"https:\/\/2025.nova.theater\/?exhibition=nova-garten\">Garten<\/a><\/div><div class=\"gt-desc\"><p>Unser Garten - die etwas versteckte Oase im NOVA. Perfekt f\u00fcr einen leckeren Drink bei lauen Sommerabenden. Mit Gartenhaus eignet sich dieser magische Ort auch  f\u00fcr Ap\u00e9ros in kleineren Gesellschaften (bis ca. 40 Personen). <\/p>\n<\/div><\/div><\/div><\/div><\/div><\/div>\t\t\t\t<\/div>\n\t\t\t\t<\/div>\n\t\t\t\t\t<\/div>\n\t\t<\/div>\n\t\t\t\t\t<\/div>\n\t\t<\/section>\n\t\t\t\t<\/div>\n\t\t","protected":false},"excerpt":{"rendered":"<p>St\u00fcbli Das St\u00fcbli ist der R\u00fcckzugsort im NOVA. Hier darf man auch etwas ruhiger zusammensitzen, plaudern oder lesen. Das St\u00fcbli bietet Platz f\u00fcr bis zu&#8230;<\/p>\n","protected":false},"author":1,"featured_media":0,"parent":0,"menu_order":0,"comment_status":"closed","ping_status":"closed","template":"","meta":{"footnotes":""},"class_list":["post-640","page","type-page","status-publish","hentry"],"_links":{"self":[{"href":"https:\/\/2025.nova.theater\/index.php?rest_route=\/wp\/v2\/pages\/640","targetHints":{"allow":["GET"]}}],"collection":[{"href":"https:\/\/2025.nova.theater\/index.php?rest_route=\/wp\/v2\/pages"}],"about":[{"href":"https:\/\/2025.nova.theater\/index.php?rest_route=\/wp\/v2\/types\/page"}],"author":[{"embeddable":true,"href":"https:\/\/2025.nova.theater\/index.php?rest_route=\/wp\/v2\/users\/1"}],"replies":[{"embeddable":true,"href":"https:\/\/2025.nova.theater\/index.php?rest_route=%2Fwp%2Fv2%2Fcomments&post=640"}],"version-history":[{"count":11,"href":"https:\/\/2025.nova.theater\/index.php?rest_route=\/wp\/v2\/pages\/640\/revisions"}],"predecessor-version":[{"id":8311,"href":"https:\/\/2025.nova.theater\/index.php?rest_route=\/wp\/v2\/pages\/640\/revisions\/8311"}],"wp:attachment":[{"href":"https:\/\/2025.nova.theater\/index.php?rest_route=%2Fwp%2Fv2%2Fmedia&parent=640"}],"curies":[{"name":"wp","href":"https:\/\/api.w.org\/{rel}","templated":true}]}}