{"id":8432,"date":"2025-06-03T07:21:54","date_gmt":"2025-06-03T07:21:54","guid":{"rendered":"https:\/\/2025.nova.theater\/?page_id=8432"},"modified":"2025-06-05T03:06:07","modified_gmt":"2025-06-05T03:06:07","slug":"miete","status":"publish","type":"page","link":"https:\/\/2025.nova.theater\/?page_id=8432","title":{"rendered":"Miete"},"content":{"rendered":"\t\t<div data-elementor-type=\"wp-page\" data-elementor-id=\"8432\" class=\"elementor elementor-8432\">\n\t\t\t\t\t\t<section class=\"elementor-section elementor-top-section elementor-element elementor-element-580cda0 elementor-section-stretched elementor-section-boxed elementor-section-height-default elementor-section-height-default\" data-id=\"580cda0\" data-element_type=\"section\" data-settings=\"{&quot;stretch_section&quot;:&quot;section-stretched&quot;,&quot;background_background&quot;:&quot;gradient&quot;}\">\n\t\t\t\t\t\t<div class=\"elementor-container elementor-column-gap-no\">\n\t\t\t\t\t<div class=\"elementor-column elementor-col-50 elementor-top-column elementor-element elementor-element-1a42db0\" data-id=\"1a42db0\" data-element_type=\"column\">\n\t\t\t<div class=\"elementor-widget-wrap elementor-element-populated\">\n\t\t\t\t\t\t<div class=\"elementor-element elementor-element-af2e478 elementor-widget elementor-widget-image\" data-id=\"af2e478\" data-element_type=\"widget\" data-widget_type=\"image.default\">\n\t\t\t\t<div class=\"elementor-widget-container\">\n\t\t\t\t\t\t\t\t\t\t\t\t\t\t\t<img fetchpriority=\"high\" decoding=\"async\" width=\"1829\" height=\"2560\" src=\"https:\/\/2025.nova.theater\/wp-content\/uploads\/2024\/10\/Nova78-scaled.jpg\" class=\"attachment-full size-full wp-image-7400\" alt=\"\" srcset=\"https:\/\/2025.nova.theater\/wp-content\/uploads\/2024\/10\/Nova78-scaled.jpg 1829w, https:\/\/2025.nova.theater\/wp-content\/uploads\/2024\/10\/Nova78-214x300.jpg 214w, https:\/\/2025.nova.theater\/wp-content\/uploads\/2024\/10\/Nova78-731x1024.jpg 731w, https:\/\/2025.nova.theater\/wp-content\/uploads\/2024\/10\/Nova78-768x1075.jpg 768w, https:\/\/2025.nova.theater\/wp-content\/uploads\/2024\/10\/Nova78-1097x1536.jpg 1097w, https:\/\/2025.nova.theater\/wp-content\/uploads\/2024\/10\/Nova78-1463x2048.jpg 1463w, https:\/\/2025.nova.theater\/wp-content\/uploads\/2024\/10\/Nova78-415x581.jpg 415w, https:\/\/2025.nova.theater\/wp-content\/uploads\/2024\/10\/Nova78-650x910.jpg 650w, https:\/\/2025.nova.theater\/wp-content\/uploads\/2024\/10\/Nova78-250x350.jpg 250w, https:\/\/2025.nova.theater\/wp-content\/uploads\/2024\/10\/Nova78-600x840.jpg 600w\" sizes=\"(max-width: 1829px) 100vw, 1829px\" \/>\t\t\t\t\t\t\t\t\t\t\t\t\t\t\t<\/div>\n\t\t\t\t<\/div>\n\t\t\t\t\t<\/div>\n\t\t<\/div>\n\t\t\t\t<div class=\"elementor-column elementor-col-50 elementor-top-column elementor-element elementor-element-8b7cdad\" data-id=\"8b7cdad\" data-element_type=\"column\">\n\t\t\t<div class=\"elementor-widget-wrap elementor-element-populated\">\n\t\t\t\t\t\t<div class=\"elementor-element elementor-element-fd325b0 elementor-widget elementor-widget-loquet-heading-widget\" data-id=\"fd325b0\" data-element_type=\"widget\" data-widget_type=\"loquet-heading-widget.default\">\n\t\t\t\t<div class=\"elementor-widget-container\">\n\t\t\t\t\t<div class=\"gt-module-title gt-style-1 gt-align-left gt-light\"><div class=\"gt-sub-title\"><span>NOVA.Pf\u00e4ffikon<\/span><\/div><div class=\"gt-title\">Euer Anlass im NOVA.<\/div><\/div>\t\t\t\t<\/div>\n\t\t\t\t<\/div>\n\t\t\t\t<div class=\"elementor-element elementor-element-4628e06 elementor-widget elementor-widget-text-editor\" data-id=\"4628e06\" data-element_type=\"widget\" data-widget_type=\"text-editor.default\">\n\t\t\t\t<div class=\"elementor-widget-container\">\n\t\t\t\t\t\t\t\t\t<p>Vom privaten Geburtstagsfest, der Hochzeitsfeier oder dem Familienfest bis hin zum Firmenanlass und der Generalversammlung. Gerne besprechen wir eure W\u00fcnsche und Bed\u00fcrfnisse, um einen unvergesslichen Anlass zu realisieren. Dank unserer Erfahrung, eingespielten und vielseitigen Catering- sowie Steet-Food-Partnern und unserer Location mit Saal bieten wir die idealen Rahmenbedingungen f\u00fcr massgeschneiderte Events in einzigartigem Ambiente.<\/p><p><strong>Du m\u00f6chtest das NOVA mieten?<\/strong> <br \/>Melde dich bei uns\u00a0 f\u00fcr Besichtigungen, individuelle Angebote oder Fragen zu unseren modularen Mietm\u00f6glichkeiten. Gemeinsam schaffen wir den passenden Rahmen f\u00fcr deinen Anlass.<\/p>\t\t\t\t\t\t\t\t<\/div>\n\t\t\t\t<\/div>\n\t\t\t\t<div class=\"elementor-element elementor-element-f9b274b elementor-widget elementor-widget-loquet-button-widget\" data-id=\"f9b274b\" data-element_type=\"widget\" data-widget_type=\"loquet-button-widget.default\">\n\t\t\t\t<div class=\"elementor-widget-container\">\n\t\t\t\t\t<div class=\"gt-button gt-style-1 gt-light gt-align-left gt-flex\"><a href=\"mailto:hello@nova.theater\"><span>Mietanfrage<\/span><\/a><\/div>\t\t\t\t<\/div>\n\t\t\t\t<\/div>\n\t\t\t\t\t<\/div>\n\t\t<\/div>\n\t\t\t\t\t<\/div>\n\t\t<\/section>\n\t\t\t\t<section class=\"elementor-section elementor-top-section elementor-element elementor-element-47834f3 elementor-section-boxed elementor-section-height-default elementor-section-height-default\" data-id=\"47834f3\" data-element_type=\"section\">\n\t\t\t\t\t\t<div class=\"elementor-container elementor-column-gap-no\">\n\t\t\t\t\t<div class=\"elementor-column elementor-col-100 elementor-top-column elementor-element elementor-element-758267f\" data-id=\"758267f\" data-element_type=\"column\">\n\t\t\t<div class=\"elementor-widget-wrap elementor-element-populated\">\n\t\t\t\t\t\t<div class=\"elementor-element elementor-element-82292f4 elementor-widget elementor-widget-image-gallery\" data-id=\"82292f4\" data-element_type=\"widget\" data-widget_type=\"image-gallery.default\">\n\t\t\t\t<div class=\"elementor-widget-container\">\n\t\t\t\t\t\t\t<div class=\"elementor-image-gallery\">\n\t\t\t\n\t\t<style type=\"text\/css\">\n\t\t\t#gallery-1 {\n\t\t\t\tmargin: auto;\n\t\t\t}\n\t\t\t#gallery-1 .gallery-item {\n\t\t\t\tfloat: left;\n\t\t\t\tmargin-top: 10px;\n\t\t\t\ttext-align: center;\n\t\t\t\twidth: 50%;\n\t\t\t}\n\t\t\t#gallery-1 img {\n\t\t\t\tborder: 2px solid #cfcfcf;\n\t\t\t}\n\t\t\t#gallery-1 .gallery-caption {\n\t\t\t\tmargin-left: 0;\n\t\t\t}\n\t\t\t\/* see gallery_shortcode() in wp-includes\/media.php *\/\n\t\t<\/style>\n\t\t<div id='gallery-1' class='gallery galleryid-8432 gallery-columns-2 gallery-size-loquet-museum-1'><dl class='gallery-item'>\n\t\t\t<dt class='gallery-icon landscape'>\n\t\t\t\t<a data-elementor-open-lightbox=\"yes\" data-elementor-lightbox-slideshow=\"82292f4\" data-elementor-lightbox-title=\"D.BURRI\" data-e-action-hash=\"#elementor-action%3Aaction%3Dlightbox%26settings%3DeyJpZCI6NzQ0OSwidXJsIjoiaHR0cHM6XC9cLzIwMjUubm92YS50aGVhdGVyXC93cC1jb250ZW50XC91cGxvYWRzXC8yMDI0XC8xMFwvMDMtc2NhbGVkLmpwZyIsInNsaWRlc2hvdyI6IjgyMjkyZjQifQ%3D%3D\" href='https:\/\/2025.nova.theater\/wp-content\/uploads\/2024\/10\/03-scaled.jpg'><img decoding=\"async\" width=\"590\" height=\"440\" src=\"https:\/\/2025.nova.theater\/wp-content\/uploads\/2024\/10\/03-590x440.jpg\" class=\"attachment-loquet-museum-1 size-loquet-museum-1\" alt=\"\" \/><\/a>\n\t\t\t<\/dt><\/dl><dl class='gallery-item'>\n\t\t\t<dt class='gallery-icon landscape'>\n\t\t\t\t<a data-elementor-open-lightbox=\"yes\" data-elementor-lightbox-slideshow=\"82292f4\" data-elementor-lightbox-title=\"charlytour.ch\" data-e-action-hash=\"#elementor-action%3Aaction%3Dlightbox%26settings%3DeyJpZCI6NzM5NywidXJsIjoiaHR0cHM6XC9cLzIwMjUubm92YS50aGVhdGVyXC93cC1jb250ZW50XC91cGxvYWRzXC8yMDI0XC8xMFwvTm92YTgxLXNjYWxlZC5qcGciLCJzbGlkZXNob3ciOiI4MjI5MmY0In0%3D\" href='https:\/\/2025.nova.theater\/wp-content\/uploads\/2024\/10\/Nova81-scaled.jpg'><img decoding=\"async\" width=\"590\" height=\"440\" src=\"https:\/\/2025.nova.theater\/wp-content\/uploads\/2024\/10\/Nova81-590x440.jpg\" class=\"attachment-loquet-museum-1 size-loquet-museum-1\" alt=\"\" \/><\/a>\n\t\t\t<\/dt><\/dl><br style=\"clear: both\" \/><dl class='gallery-item'>\n\t\t\t<dt class='gallery-icon landscape'>\n\t\t\t\t<a data-elementor-open-lightbox=\"yes\" data-elementor-lightbox-slideshow=\"82292f4\" data-elementor-lightbox-title=\"charlytour.ch\" data-e-action-hash=\"#elementor-action%3Aaction%3Dlightbox%26settings%3DeyJpZCI6NzQwMiwidXJsIjoiaHR0cHM6XC9cLzIwMjUubm92YS50aGVhdGVyXC93cC1jb250ZW50XC91cGxvYWRzXC8yMDI0XC8xMFwvTm92YTc2LXNjYWxlZC5qcGciLCJzbGlkZXNob3ciOiI4MjI5MmY0In0%3D\" href='https:\/\/2025.nova.theater\/wp-content\/uploads\/2024\/10\/Nova76-scaled.jpg'><img loading=\"lazy\" decoding=\"async\" width=\"590\" height=\"440\" src=\"https:\/\/2025.nova.theater\/wp-content\/uploads\/2024\/10\/Nova76-590x440.jpg\" class=\"attachment-loquet-museum-1 size-loquet-museum-1\" alt=\"\" \/><\/a>\n\t\t\t<\/dt><\/dl><dl class='gallery-item'>\n\t\t\t<dt class='gallery-icon landscape'>\n\t\t\t\t<a data-elementor-open-lightbox=\"yes\" data-elementor-lightbox-slideshow=\"82292f4\" data-elementor-lightbox-title=\"NOVA. Foyer\" data-e-action-hash=\"#elementor-action%3Aaction%3Dlightbox%26settings%3DeyJpZCI6NjgyOCwidXJsIjoiaHR0cHM6XC9cLzIwMjUubm92YS50aGVhdGVyXC93cC1jb250ZW50XC91cGxvYWRzXC8yMDIxXC8wOVwvTk9WQS1Gb3llci0wMy5qcGciLCJzbGlkZXNob3ciOiI4MjI5MmY0In0%3D\" href='https:\/\/2025.nova.theater\/wp-content\/uploads\/2021\/09\/NOVA-Foyer-03.jpg'><img loading=\"lazy\" decoding=\"async\" width=\"590\" height=\"440\" src=\"https:\/\/2025.nova.theater\/wp-content\/uploads\/2021\/09\/NOVA-Foyer-03-590x440.jpg\" class=\"attachment-loquet-museum-1 size-loquet-museum-1\" alt=\"NOVA. Foyer\" \/><\/a>\n\t\t\t<\/dt><\/dl><br style=\"clear: both\" \/><dl class='gallery-item'>\n\t\t\t<dt class='gallery-icon landscape'>\n\t\t\t\t<a data-elementor-open-lightbox=\"yes\" data-elementor-lightbox-slideshow=\"82292f4\" data-elementor-lightbox-title=\"NOVA. Foyer\" data-e-action-hash=\"#elementor-action%3Aaction%3Dlightbox%26settings%3DeyJpZCI6NjgyNywidXJsIjoiaHR0cHM6XC9cLzIwMjUubm92YS50aGVhdGVyXC93cC1jb250ZW50XC91cGxvYWRzXC8yMDIxXC8wOVwvTk9WQS1Gb3llci0wMS5qcGciLCJzbGlkZXNob3ciOiI4MjI5MmY0In0%3D\" href='https:\/\/2025.nova.theater\/wp-content\/uploads\/2021\/09\/NOVA-Foyer-01.jpg'><img loading=\"lazy\" decoding=\"async\" width=\"590\" height=\"440\" src=\"https:\/\/2025.nova.theater\/wp-content\/uploads\/2021\/09\/NOVA-Foyer-01-590x440.jpg\" class=\"attachment-loquet-museum-1 size-loquet-museum-1\" alt=\"NOVA. Foyer\" \/><\/a>\n\t\t\t<\/dt><\/dl><dl class='gallery-item'>\n\t\t\t<dt class='gallery-icon landscape'>\n\t\t\t\t<a data-elementor-open-lightbox=\"yes\" data-elementor-lightbox-slideshow=\"82292f4\" data-elementor-lightbox-title=\"NOVA Saal\" data-e-action-hash=\"#elementor-action%3Aaction%3Dlightbox%26settings%3DeyJpZCI6Njg0NSwidXJsIjoiaHR0cHM6XC9cLzIwMjUubm92YS50aGVhdGVyXC93cC1jb250ZW50XC91cGxvYWRzXC8yMDIxXC8wOVwvTk9WQS1TYWFsLTA1LmpwZyIsInNsaWRlc2hvdyI6IjgyMjkyZjQifQ%3D%3D\" href='https:\/\/2025.nova.theater\/wp-content\/uploads\/2021\/09\/NOVA-Saal-05.jpg'><img loading=\"lazy\" decoding=\"async\" width=\"590\" height=\"440\" src=\"https:\/\/2025.nova.theater\/wp-content\/uploads\/2021\/09\/NOVA-Saal-05-590x440.jpg\" class=\"attachment-loquet-museum-1 size-loquet-museum-1\" alt=\"NOVA Saal\" \/><\/a>\n\t\t\t<\/dt><\/dl><br style=\"clear: both\" \/>\n\t\t<\/div>\n\t\t<\/div>\n\t\t\t\t\t\t<\/div>\n\t\t\t\t<\/div>\n\t\t\t\t\t<\/div>\n\t\t<\/div>\n\t\t\t\t\t<\/div>\n\t\t<\/section>\n\t\t\t\t<section class=\"elementor-section elementor-top-section elementor-element elementor-element-efd4fcd elementor-section-stretched elementor-section-boxed elementor-section-height-default elementor-section-height-default\" data-id=\"efd4fcd\" data-element_type=\"section\" data-settings=\"{&quot;stretch_section&quot;:&quot;section-stretched&quot;,&quot;background_background&quot;:&quot;gradient&quot;}\">\n\t\t\t\t\t\t<div class=\"elementor-container elementor-column-gap-no\">\n\t\t\t\t\t<div class=\"elementor-column elementor-col-100 elementor-top-column elementor-element elementor-element-f08c4bd\" data-id=\"f08c4bd\" data-element_type=\"column\">\n\t\t\t<div class=\"elementor-widget-wrap elementor-element-populated\">\n\t\t\t\t\t\t<section class=\"elementor-section elementor-inner-section elementor-element elementor-element-9c499da elementor-section-full_width elementor-section-height-default elementor-section-height-default\" data-id=\"9c499da\" data-element_type=\"section\">\n\t\t\t\t\t\t<div class=\"elementor-container elementor-column-gap-no\">\n\t\t\t\t\t<div class=\"elementor-column elementor-col-100 elementor-inner-column elementor-element elementor-element-627abec\" data-id=\"627abec\" data-element_type=\"column\">\n\t\t\t<div class=\"elementor-widget-wrap elementor-element-populated\">\n\t\t\t\t\t\t<div class=\"elementor-element elementor-element-7812ae9 elementor-widget elementor-widget-heading\" data-id=\"7812ae9\" data-element_type=\"widget\" data-widget_type=\"heading.default\">\n\t\t\t\t<div class=\"elementor-widget-container\">\n\t\t\t\t\t<h2 class=\"elementor-heading-title elementor-size-default\">NOVA. Mietm\u00f6glichkeiten<\/h2>\t\t\t\t<\/div>\n\t\t\t\t<\/div>\n\t\t\t\t<div class=\"elementor-element elementor-element-177f90c elementor-widget elementor-widget-text-editor\" data-id=\"177f90c\" data-element_type=\"widget\" data-widget_type=\"text-editor.default\">\n\t\t\t\t<div class=\"elementor-widget-container\">\n\t\t\t\t\t\t\t\t\t<p><span style=\"font-size: inherit;\">Vom stilvollen Saal \u00fcber das gem\u00fctliche St\u00fcbli bis zur lebendigen Bar und dem lauschigen Garten: Jeder Bereich erz\u00e4hlt seine eigene Geschichte und l\u00e4sst sich flexibel f\u00fcr eure Ideen und Anl\u00e4sse nutzen. <\/span>Ob Hochzeit, Konzert, Workshop oder Firmenfeier \u2013 wir bieten den Raum, den eure Veranstaltung verdient. Mit Herzblut, Erfahrung und viel Liebe zum Detail unterst\u00fctzen wir euch dabei, euren Anlss im NOVA. zu etwas ganz Besonderem zu machen.<\/p>\t\t\t\t\t\t\t\t<\/div>\n\t\t\t\t<\/div>\n\t\t\t\t<div class=\"elementor-element elementor-element-d00e681 elementor-widget elementor-widget-image\" data-id=\"d00e681\" data-element_type=\"widget\" data-widget_type=\"image.default\">\n\t\t\t\t<div class=\"elementor-widget-container\">\n\t\t\t\t\t\t\t\t\t\t\t\t\t\t\t<img loading=\"lazy\" decoding=\"async\" width=\"1400\" height=\"1000\" src=\"https:\/\/2025.nova.theater\/wp-content\/uploads\/2021\/09\/NOVA-Saal-Bar.jpg\" class=\"attachment-full size-full wp-image-6842\" alt=\"NOVA Saal\" srcset=\"https:\/\/2025.nova.theater\/wp-content\/uploads\/2021\/09\/NOVA-Saal-Bar.jpg 1400w, https:\/\/2025.nova.theater\/wp-content\/uploads\/2021\/09\/NOVA-Saal-Bar-300x214.jpg 300w, https:\/\/2025.nova.theater\/wp-content\/uploads\/2021\/09\/NOVA-Saal-Bar-1024x731.jpg 1024w, https:\/\/2025.nova.theater\/wp-content\/uploads\/2021\/09\/NOVA-Saal-Bar-768x549.jpg 768w, https:\/\/2025.nova.theater\/wp-content\/uploads\/2021\/09\/NOVA-Saal-Bar-345x245.jpg 345w, https:\/\/2025.nova.theater\/wp-content\/uploads\/2021\/09\/NOVA-Saal-Bar-415x296.jpg 415w, https:\/\/2025.nova.theater\/wp-content\/uploads\/2021\/09\/NOVA-Saal-Bar-650x464.jpg 650w, https:\/\/2025.nova.theater\/wp-content\/uploads\/2021\/09\/NOVA-Saal-Bar-250x179.jpg 250w, https:\/\/2025.nova.theater\/wp-content\/uploads\/2021\/09\/NOVA-Saal-Bar-600x429.jpg 600w\" sizes=\"(max-width: 1400px) 100vw, 1400px\" \/>\t\t\t\t\t\t\t\t\t\t\t\t\t\t\t<\/div>\n\t\t\t\t<\/div>\n\t\t\t\t<div class=\"elementor-element elementor-element-d31bb90 elementor-widget elementor-widget-loquet-service-boxes-widget\" data-id=\"d31bb90\" data-element_type=\"widget\" data-widget_type=\"loquet-service-boxes-widget.default\">\n\t\t\t\t<div class=\"elementor-widget-container\">\n\t\t\t\t\t<div class=\"gt-service-boxes gt-style-4 gt-light gt-align-left\"><div class=\"gt-grid gt-grid-2 gt-spacing-20\"><div class=\"gt-grid-col\"><div class=\"gt-sb-header\"><div class=\"gt-left\"><div class=\"gt-image\"><\/div><\/div><div class=\"gt-right\"><div class=\"gt-title\">NOVA.Saal<\/div><\/div><\/div><div class=\"gt-content\"><p>F\u00fcr gr\u00f6ssere Anl\u00e4sse, Konzerte, Partys oder Tagungen. Mit B\u00fchne, Technik und viel Atmosph\u00e4re. <em data-start=\"698\" data-end=\"747\">Bis ca. 120 Personen (sitzend) \/ 200 (stehend).<\/em><\/p>\n<\/div><\/div><div class=\"gt-grid-col\"><div class=\"gt-sb-header\"><div class=\"gt-left\"><div class=\"gt-image\"><\/div><\/div><div class=\"gt-right\"><div class=\"gt-title\">NOVA.Foyer &amp; Bar<\/div><\/div><\/div><div class=\"gt-content\"><p>Ideal f\u00fcr Ap\u00e9ros, kleinere Feiern oder begleitende Barsettings.<\/p>\n<\/div><\/div><div class=\"gt-grid-col\"><div class=\"gt-sb-header\"><div class=\"gt-left\"><div class=\"gt-image\"><\/div><\/div><div class=\"gt-right\"><div class=\"gt-title\">NOVA.Garten<\/div><\/div><\/div><div class=\"gt-content\"><p>Ein gr\u00fcnes Bijoux mit Gartenhaus \u2013 perfekt f\u00fcr Anl\u00e4sse im Freien.<br data-start=\"945\" data-end=\"948\" \/><em data-start=\"948\" data-end=\"970\">Bis ca. 40 Personen.<\/em><\/p>\n<\/div><\/div><div class=\"gt-grid-col\"><div class=\"gt-sb-header\"><div class=\"gt-left\"><div class=\"gt-image\"><\/div><\/div><div class=\"gt-right\"><div class=\"gt-title\">NOVA.St\u00fcbli<\/div><\/div><\/div><div class=\"gt-content\"><p>Der schmucke gem\u00fctliche Raum \u2013 f\u00fcr kleine Gruppen, Meetings oder private Gespr\u00e4che. <em data-start=\"1072\" data-end=\"1094\">Bis ca. 8 Personen.<\/em><\/p>\n<\/div><\/div><\/div><\/div>\t\t\t\t<\/div>\n\t\t\t\t<\/div>\n\t\t\t\t\t<\/div>\n\t\t<\/div>\n\t\t\t\t\t<\/div>\n\t\t<\/section>\n\t\t\t\t\t<\/div>\n\t\t<\/div>\n\t\t\t\t\t<\/div>\n\t\t<\/section>\n\t\t\t\t<\/div>\n\t\t","protected":false},"excerpt":{"rendered":"<p>NOVA.Pf\u00e4ffikonEuer Anlass im NOVA. Vom privaten Geburtstagsfest, der Hochzeitsfeier oder dem Familienfest bis hin zum Firmenanlass und der Generalversammlung. Gerne besprechen wir eure W\u00fcnsche und&#8230;<\/p>\n","protected":false},"author":1,"featured_media":0,"parent":0,"menu_order":0,"comment_status":"closed","ping_status":"closed","template":"","meta":{"footnotes":""},"class_list":["post-8432","page","type-page","status-publish","hentry"],"_links":{"self":[{"href":"https:\/\/2025.nova.theater\/index.php?rest_route=\/wp\/v2\/pages\/8432","targetHints":{"allow":["GET"]}}],"collection":[{"href":"https:\/\/2025.nova.theater\/index.php?rest_route=\/wp\/v2\/pages"}],"about":[{"href":"https:\/\/2025.nova.theater\/index.php?rest_route=\/wp\/v2\/types\/page"}],"author":[{"embeddable":true,"href":"https:\/\/2025.nova.theater\/index.php?rest_route=\/wp\/v2\/users\/1"}],"replies":[{"embeddable":true,"href":"https:\/\/2025.nova.theater\/index.php?rest_route=%2Fwp%2Fv2%2Fcomments&post=8432"}],"version-history":[{"count":19,"href":"https:\/\/2025.nova.theater\/index.php?rest_route=\/wp\/v2\/pages\/8432\/revisions"}],"predecessor-version":[{"id":8467,"href":"https:\/\/2025.nova.theater\/index.php?rest_route=\/wp\/v2\/pages\/8432\/revisions\/8467"}],"wp:attachment":[{"href":"https:\/\/2025.nova.theater\/index.php?rest_route=%2Fwp%2Fv2%2Fmedia&parent=8432"}],"curies":[{"name":"wp","href":"https:\/\/api.w.org\/{rel}","templated":true}]}}